{"id":8876,"date":"2015-11-16T13:47:39","date_gmt":"2015-11-16T12:47:39","guid":{"rendered":"http:\/\/okomeds.com\/es\/?page_id=8876"},"modified":"2021-05-03T12:38:30","modified_gmt":"2021-05-03T10:38:30","slug":"traduccion-farmaceutica","status":"publish","type":"page","link":"https:\/\/okomeds.com\/es\/traduccion-farmaceutica\/","title":{"rendered":"Traducciones farmac\u00e9uticas"},"content":{"rendered":"<section class=\"wpb-content-wrapper\"><p>[vc_row css_animation=\u00bb\u00bb row_type=\u00bbrow\u00bb use_row_as_full_screen_section=\u00bbno\u00bb type=\u00bbfull_width\u00bb angled_section=\u00bbno\u00bb text_align=\u00bbleft\u00bb background_image_as_pattern=\u00bbwithout_pattern\u00bb css=\u00bb.vc_custom_1443779444256{background-position: center !important;background-repeat: no-repeat !important;background-size: cover !important;}\u00bb][vc_column][vc_empty_space height=\u00bb15px\u00bb][vc_row_inner row_type=\u00bbrow\u00bb type=\u00bbfull_width\u00bb text_align=\u00bbleft\u00bb css_animation=\u00bb\u00bb][vc_column_inner width=\u00bb1\/3&#8243; css=\u00bb.vc_custom_1444128534975{padding-top: 25px !important;}\u00bb][vc_single_image image=\u00bb881&#8243; img_size=\u00bbfull\u00bb qode_css_animation=\u00bb\u00bb][\/vc_column_inner][vc_column_inner width=\u00bb2\/3&#8243;][vc_column_text]<\/p>\n<p style=\"text-align: justify;\">La industria farmac\u00e9utica es m\u00e1s necesaria que nunca. El avance de enfermedades hasta ahora desconocidas ha hecho que cada vez sea m\u00e1s necesario el disponer de los instrumentos farmacol\u00f3gicos adecuados para tratar las nuevas enfermedades. Es en este \u00e1mbito cuando las traducciones farmac\u00e9uticas se tornan m\u00e1s necesarias que nunca.<\/p>\n<p>&nbsp;<\/p>\n<p style=\"text-align: justify;\">Operando a escala global, la industria farmac\u00e9utica tiene que proporcionar materiales traducidos a varios mercados ling\u00fc\u00edsticos. Ya sea que se est\u00e9 enfocando en presentaciones regulatorias, folletos de informaci\u00f3n para el paciente o etiquetas de empaquetado, si la informaci\u00f3n que hay en ellos no se traduce con absoluta precisi\u00f3n, pueden producirse problemas con consecuencias irreversibles.<\/p>\n<p>[\/vc_column_text][\/vc_column_inner][\/vc_row_inner][vc_empty_space height=\u00bb35px\u00bb][vc_column_text]<\/p>\n<p style=\"text-align: justify;\"><a href=\"https:\/\/okomeds.com\/es\/\">Okomeds es tu agencia de traductores m\u00e9dicos<\/a> y farmac\u00e9uticos. Contamos con m\u00e1s de quince a\u00f1os de experiencia en traducci\u00f3n m\u00e9dica y farmac\u00e9utica, as\u00ed como con documentos altamente t\u00e9cnicos, como son los formularios de informes de casos, <a href=\"https:\/\/okomeds.com\/es\/traduccion-para-cro\/\">protocolos de estudios cl\u00ednicos, sinopsis, patentes<\/a> y solicitudes de patentes, envasado y etiquetado o documentaci\u00f3n de investigaciones farmacol\u00f3gicas, entre otros.<\/p>\n<p>&nbsp;<\/p>\n<p>&nbsp;<\/p>\n<div id=\"ez-toc-container\" class=\"ez-toc-v2_0_81 counter-hierarchy ez-toc-counter ez-toc-grey ez-toc-container-direction\">\n<div class=\"ez-toc-title-container\">\n<p class=\"ez-toc-title\" style=\"cursor:inherit\">Table of Contents<\/p>\n<span class=\"ez-toc-title-toggle\"><a href=\"#\" class=\"ez-toc-pull-right ez-toc-btn ez-toc-btn-xs ez-toc-btn-default ez-toc-toggle\" aria-label=\"Alternar tabla de contenidos\"><span class=\"ez-toc-js-icon-con\"><span class=\"\"><span class=\"eztoc-hide\" style=\"display:none;\">Toggle<\/span><span class=\"ez-toc-icon-toggle-span\"><svg style=\"fill: #999;color:#999\" xmlns=\"http:\/\/www.w3.org\/2000\/svg\" class=\"list-377408\" width=\"20px\" height=\"20px\" viewBox=\"0 0 24 24\" fill=\"none\"><path d=\"M6 6H4v2h2V6zm14 0H8v2h12V6zM4 11h2v2H4v-2zm16 0H8v2h12v-2zM4 16h2v2H4v-2zm16 0H8v2h12v-2z\" fill=\"currentColor\"><\/path><\/svg><svg style=\"fill: #999;color:#999\" class=\"arrow-unsorted-368013\" xmlns=\"http:\/\/www.w3.org\/2000\/svg\" width=\"10px\" height=\"10px\" viewBox=\"0 0 24 24\" version=\"1.2\" baseProfile=\"tiny\"><path d=\"M18.2 9.3l-6.2-6.3-6.2 6.3c-.2.2-.3.4-.3.7s.1.5.3.7c.2.2.4.3.7.3h11c.3 0 .5-.1.7-.3.2-.2.3-.5.3-.7s-.1-.5-.3-.7zM5.8 14.7l6.2 6.3 6.2-6.3c.2-.2.3-.5.3-.7s-.1-.5-.3-.7c-.2-.2-.4-.3-.7-.3h-11c-.3 0-.5.1-.7.3-.2.2-.3.5-.3.7s.1.5.3.7z\"\/><\/svg><\/span><\/span><\/span><\/a><\/span><\/div>\n<nav><ul class='ez-toc-list ez-toc-list-level-1 ' ><li class='ez-toc-page-1 ez-toc-heading-level-2'><a class=\"ez-toc-link ez-toc-heading-1\" href=\"https:\/\/okomeds.com\/es\/traduccion-farmaceutica\/#Las_traducciones_farmaceuticas_que_necesitas\" >Las traducciones farmac\u00e9uticas que necesitas<\/a><ul class='ez-toc-list-level-3' ><li class='ez-toc-heading-level-3'><a class=\"ez-toc-link ez-toc-heading-2\" href=\"https:\/\/okomeds.com\/es\/traduccion-farmaceutica\/#Las_especialidades_de_nuestros_traductores\" >Las especialidades de nuestros traductores<\/a><\/li><\/ul><\/li><li class='ez-toc-page-1 ez-toc-heading-level-2'><a class=\"ez-toc-link ez-toc-heading-3\" href=\"https:\/\/okomeds.com\/es\/traduccion-farmaceutica\/#Traductores_farmaceuticos_de_calidad\" >Traductores farmac\u00e9uticos de calidad<\/a><\/li><\/ul><\/nav><\/div>\n<h2 style=\"text-align: justify;\"><span class=\"ez-toc-section\" id=\"Las_traducciones_farmaceuticas_que_necesitas\"><\/span>Las traducciones farmac\u00e9uticas que necesitas<span class=\"ez-toc-section-end\"><\/span><\/h2>\n<p style=\"text-align: justify;\">Las compa\u00f1\u00edas farmac\u00e9uticas que buscan extender el alcance de su tratamiento m\u00e1s all\u00e1 de las fronteras nacionales a menudo se encuentran con complicaciones al registrar sus medicamentos en mercados extranjeros, regulados por organismos reguladores estrictos o agencias gubernamentales. En Okomeds hemos manejado m\u00faltiples proyectos de traducci\u00f3n farmac\u00e9utica y hemos ayudado a nuestros clientes a cumplir con todos los requisitos necesarios para llevar a buen puerto su trabajo.<\/p>\n<p>&nbsp;<\/p>\n<p style=\"text-align: justify;\">Los <a href=\"https:\/\/okomeds.com\/es\/\">servicios de traducci\u00f3n<\/a> farmac\u00e9utica precisos y profesionales son esenciales al registrar productos farmac\u00e9uticos en el extranjero. Tambi\u00e9n es esencial trabajar con un socio de traducci\u00f3n farmac\u00e9utica que pueda cubrir todos los idiomas que necesitas en los plazos requeridos. Los folletos de informaci\u00f3n para el paciente, el etiquetado de productos, los contratos legales deben adaptarse a los requisitos ling\u00fc\u00edsticos de los diferentes territorios para cumplir con los est\u00e1ndares regulatorios y ampliar el alcance de sus productos.<\/p>\n<p>&nbsp;<\/p>\n<p style=\"text-align: justify;\">Puede haber enormes implicaciones si una traducci\u00f3n farmac\u00e9utica es inexacta, por lo que simplemente no hay lugar para la ambig\u00fcedad o los errores. Nuestros traductores farmac\u00e9uticos emplean rigurosas medidas de control de terminolog\u00eda para producir servicios de traducci\u00f3n farmac\u00e9utica precisos y de alta calidad en los que puedes confiar y que te permitir\u00e1n aprovechar las oportunidades internacionales. \u00danete a corporaciones farmac\u00e9uticas l\u00edderes en el mundo para confiar en nosotros para proteger tu marca a escala internacional.<\/p>\n<p>[\/vc_column_text][vc_empty_space height=\u00bb35px\u00bb][vc_row_inner row_type=\u00bbrow\u00bb type=\u00bbfull_width\u00bb text_align=\u00bbleft\u00bb css_animation=\u00bb\u00bb][vc_column_inner width=\u00bb1\/6&#8243;]<br \/>\n[\/vc_column_inner][vc_column_inner el_class=\u00bbborder-paginterna\u00bb width=\u00bb2\/3&#8243; css=\u00bb.vc_custom_1444133717486{padding-top: 10px !important;padding-right: 10px !important;padding-bottom: 10px !important;padding-left: 10px !important;}\u00bb][vc_column_text]<\/p>\n<h3 style=\"text-align: center;\"><span class=\"ez-toc-section\" id=\"Las_especialidades_de_nuestros_traductores\"><\/span>Las especialidades de nuestros traductores<span class=\"ez-toc-section-end\"><\/span><\/h3>\n<p style=\"text-align: justify;\">Contamos con un <strong>amplio equipo de traductores farmac\u00e9uticos especializados<\/strong> en diferentes \u00e1mbitos a fin de poder ofrecer un servicio completo y especializado, adem\u00e1s de ling\u00fcistas o personal espec\u00edfico en las ramas m\u00e1s importantes de este sector. Entre ellos, podemos destacar los siguientes campos:<\/p>\n<p>&nbsp;<\/p>\n<p style=\"text-align: center;\">Biofarmacia \u2013 Biof\u00edsica \u2013 Biolog\u00eda molecular \u2013 Bioqu\u00edmica cl\u00ednica \u2013 Dermofarmacia \u2013 Farmacia cl\u00ednica \u2013 Farmacoterapia \u2013 Formulaci\u00f3n de medicamentos \u2013 Hematolog\u00eda \u2013 Inmunolog\u00eda \u2013 Microbiolog\u00eda \u2013 Nutrici\u00f3n y diet\u00e9tica \u2013 Ortopedia \u2013 Parasitolog\u00eda \u2013 Qu\u00edmica farmac\u00e9utica \u2013 Toxicolog\u00eda<\/p>\n<p>[\/vc_column_text][\/vc_column_inner][vc_column_inner width=\u00bb1\/6&#8243;]<br \/>\n[\/vc_column_inner][\/vc_row_inner][vc_empty_space height=\u00bb35px\u00bb][vc_column_text]<\/p>\n<h2 style=\"text-align: justify;\"><span class=\"ez-toc-section\" id=\"Traductores_farmaceuticos_de_calidad\"><\/span>Traductores farmac\u00e9uticos de calidad<span class=\"ez-toc-section-end\"><\/span><\/h2>\n<p style=\"text-align: justify;\">Una de las mayores preocupaciones en la industria farmac\u00e9utica es contar con los mejores profesionales para llevar a cabo un preciso trabajo de traducci\u00f3n. Desde hace m\u00e1s de 15 a\u00f1os nos encargamos de ofrecer proyectos de traducci\u00f3n de alta calidad tanto en el sector m\u00e9dico, as\u00ed como en otros sectores relacionados, como es el sector farmac\u00e9utico.<\/p>\n<p>&nbsp;<\/p>\n<p style=\"text-align: justify;\">En Okomeds contamos con <a href=\"https:\/\/okomeds.com\/es\/traductor-medico\/\">traductores nativos y especializados en medicina<\/a>. Estas son algunas de las caracter\u00edsticas que nos hacen ser una de las mejores <a href=\"https:\/\/okomeds.com\/es\/\">agencias de traducci\u00f3n especializada<\/a> en Espa\u00f1a y con un mayor crecimiento en los \u00faltimos a\u00f1os, tanto por compromiso como por calidad y agilidad:<\/p>\n<p>&nbsp;<\/p>\n<p style=\"text-align: justify;\">Pero no solo eso, pues lo que nos hace destacar en el \u00e1mbito de las traducciones farmac\u00e9uticas son nuestros estrictos est\u00e1ndares de calidad. Y es que disponemos de un sistema de revisi\u00f3n y control de la calidad en 3 pasos, para tu tranquilidad. En caso de que se requiera tambi\u00e9n podemos ofrecerte certificados de traducci\u00f3n adaptados a tus necesidades.<\/p>\n<p>&nbsp;<\/p>\n<p style=\"text-align: justify;\">Del mismo modo, solemos trabajar en la creaci\u00f3n de glosarios terminol\u00f3gicos generales y de glosarios terminol\u00f3gicos espec\u00edficos de traducciones especializadas para cada cliente, seg\u00fan sus requerimientos, a fin de garantizar la consistencia de todos sus textos, en todos los idiomas que necesiten, as\u00ed como una gu\u00eda de estilo propia.<\/p>\n<p>&nbsp;<\/p>\n<p style=\"text-align: justify;\">Estamos acostumbrados a la gesti\u00f3n de grandes vol\u00famenes de traducci\u00f3n, adapt\u00e1ndonos a los plazos indicados por el cliente con la mayor puntualidad. Hasta la fecha, siempre hemos entregado todos los trabajos de forma precisa y puntual.<\/p>\n<p>&nbsp;<\/p>\n<p style=\"text-align: justify;\">Si necesitas los servicios de traducci\u00f3n farmac\u00e9utica, has llegado al lugar m\u00e1s indicado.<strong> \u00bfHablamos?<\/strong><\/p>\n<p>[\/vc_column_text][vc_empty_space height=\u00bb35px\u00bb][vc_row_inner row_type=\u00bbrow\u00bb type=\u00bbfull_width\u00bb text_align=\u00bbleft\u00bb css_animation=\u00bb\u00bb][vc_column_inner width=\u00bb1\/4&#8243;]<br \/>\n[\/vc_column_inner][vc_column_inner width=\u00bb1\/2&#8243; css=\u00bb.vc_custom_1443792879316{background-position: center !important;background-repeat: no-repeat !important;background-size: contain !important;}\u00bb][vc_raw_html]JTNDYSUyMGhyZWYlM0QlMjIlMjNuaW5qYS1wb3B1cC04OTQ1JTIyJTNFJTNDaW1nJTIwc3R5bGUlM0QlMjJtYXJnaW4tbGVmdCUzQTcycHglM0IlMjIlMjBzcmMlM0QlMjJodHRwcyUzQSUyRiUyRm9rb21lZHMuY29tJTJGd3AtY29udGVudCUyRnVwbG9hZHMlMkYyMDE1JTJGMTAlMkZzb2xpY2l0YXItcHJlc3VwdWVzdG8ucG5nJTIyJTIwYWx0JTNEJTIyc29saWNpdGFyJTIwcHJlc3VwdWVzdG8lMjBkZSUyMHRyYWR1Y2NpJUMzJUIzbiUyMG0lQzMlQTlkaWNhJTIwZ3JhdGlzJTIyJTIwaGVpZ2h0JTNEJTIyMzUlMjIlMjB3aWR0aCUzRCUyMjE5MCUyMiUzRSUzQyUyRmElM0U=[\/vc_raw_html][\/vc_column_inner][vc_column_inner width=\u00bb1\/4&#8243;]<br \/>\n[\/vc_column_inner][\/vc_row_inner][vc_empty_space height=\u00bb90px\u00bb][vc_column_text]<script type=\"application\/ld+json\">\n{\n  \"@context\": \"https:\/\/schema.org\/\", \n  \"@type\": \"Product\", \n  \"name\": \"Traducciones farmac\u00e9uticas\",\n  \"image\": \"https:\/\/okomeds.com\/wp-content\/uploads\/2015\/09\/xlogo-300x77.png\",\n  \"description\": \"Somos especialistas en traducciones farmac\u00e9uticas. Encontrar\u00e1s los mejores traductores farmac\u00e9uticos, con los contenidos traducidos en la mejor calidad.\",\n  \"brand\": \"Okomeds - Traducciones Medicas Certificadas\",\n  \"category\": \"Service\",\n  \"sku\": \"traducciones-farmaceuticas\",\n  \"offers\": {\n    \"@type\": \"Offer\",\n    \"url\": \"https:\/\/okomeds.com\/es\/traduccion-farmaceutica\/\",\n    \"priceCurrency\": \"EUR\",\n    \"price\": \"150\",\n    \"priceValidUntil\": \"2026-12-31\",\n    \"availability\": \"https:\/\/schema.org\/InStock\",\n    \"itemCondition\": \"https:\/\/schema.org\/NewCondition\"\n  }\n}\n<\/script>[\/vc_column_text][\/vc_column][\/vc_row]<\/p>\n<\/section>","protected":false},"excerpt":{"rendered":"<p>[vc_row css_animation=\u00bb\u00bb row_type=\u00bbrow\u00bb use_row_as_full_screen_section=\u00bbno\u00bb type=\u00bbfull_width\u00bb angled_section=\u00bbno\u00bb text_align=\u00bbleft\u00bb background_image_as_pattern=\u00bbwithout_pattern\u00bb css=\u00bb.vc_custom_1443779444256{background-position: center !important;background-repeat: no-repeat !important;background-size: cover !important;}\u00bb][vc_column][vc_empty_space height=\u00bb15px\u00bb][vc_row_inner row_type=\u00bbrow\u00bb type=\u00bbfull_width\u00bb text_align=\u00bbleft\u00bb css_animation=\u00bb\u00bb][vc_column_inner width=\u00bb1\/3&#8243; css=\u00bb.vc_custom_1444128534975{padding-top: 25px !important;}\u00bb][vc_single_image image=\u00bb881&#8243; img_size=\u00bbfull\u00bb qode_css_animation=\u00bb\u00bb][\/vc_column_inner][vc_column_inner width=\u00bb2\/3&#8243;][vc_column_text] La industria farmac\u00e9utica es m\u00e1s necesaria que nunca. El avance de enfermedades hasta ahora desconocidas ha hecho&#8230;<\/p>\n","protected":false},"author":3,"featured_media":0,"parent":0,"menu_order":10,"comment_status":"open","ping_status":"closed","template":"","meta":{"_acf_changed":false,"footnotes":""},"class_list":["post-8876","page","type-page","status-publish","hentry"],"acf":[],"yoast_head":"<!-- This site is optimized with the Yoast SEO plugin v27.1.1 - https:\/\/yoast.com\/product\/yoast-seo-wordpress\/ -->\n<title>Traducciones farmac\u00e9uticas y traductor farmaceutico - Okomeds<\/title>\n<meta name=\"description\" content=\"Somos especialistas en traducciones farmac\u00e9uticas. Encontrar\u00e1s los mejores traductores farmac\u00e9uticos, con los contenidos traducidos en la mejor calidad.\" \/>\n<meta name=\"robots\" content=\"index, follow, max-snippet:-1, max-image-preview:large, max-video-preview:-1\" \/>\n<link rel=\"canonical\" href=\"https:\/\/okomeds.com\/pharmaceutical-translation\/\" \/>\n<meta property=\"og:locale\" content=\"es_ES\" \/>\n<meta property=\"og:type\" content=\"article\" \/>\n<meta property=\"og:title\" content=\"Traducciones farmac\u00e9uticas y traductor farmaceutico - Okomeds\" \/>\n<meta property=\"og:description\" content=\"Somos especialistas en traducciones farmac\u00e9uticas. Encontrar\u00e1s los mejores traductores farmac\u00e9uticos, con los contenidos traducidos en la mejor calidad.\" \/>\n<meta property=\"og:url\" content=\"https:\/\/okomeds.com\/pharmaceutical-translation\/\" \/>\n<meta property=\"og:site_name\" content=\"Okomeds\" \/>\n<meta property=\"article:publisher\" content=\"https:\/\/www.facebook.com\/okomeds\" \/>\n<meta property=\"article:modified_time\" content=\"2021-05-03T10:38:30+00:00\" \/>\n<meta name=\"twitter:card\" content=\"summary_large_image\" \/>\n<meta name=\"twitter:site\" content=\"@okomeds\" \/>\n<meta name=\"twitter:label1\" content=\"Tiempo de lectura\" \/>\n\t<meta name=\"twitter:data1\" content=\"6 minutos\" \/>\n<script type=\"application\/ld+json\" class=\"yoast-schema-graph\">{\"@context\":\"https:\/\/schema.org\",\"@graph\":[{\"@type\":\"WebPage\",\"@id\":\"https:\/\/okomeds.com\/pharmaceutical-translation\/\",\"url\":\"https:\/\/okomeds.com\/pharmaceutical-translation\/\",\"name\":\"Traducciones farmac\u00e9uticas y traductor farmaceutico - Okomeds\",\"isPartOf\":{\"@id\":\"https:\/\/okomeds.com\/#website\"},\"datePublished\":\"2015-11-16T12:47:39+00:00\",\"dateModified\":\"2021-05-03T10:38:30+00:00\",\"description\":\"Somos especialistas en traducciones farmac\u00e9uticas. Encontrar\u00e1s los mejores traductores farmac\u00e9uticos, con los contenidos traducidos en la mejor calidad.\",\"breadcrumb\":{\"@id\":\"https:\/\/okomeds.com\/pharmaceutical-translation\/#breadcrumb\"},\"inLanguage\":\"es\",\"potentialAction\":[{\"@type\":\"ReadAction\",\"target\":[\"https:\/\/okomeds.com\/pharmaceutical-translation\/\"]}]},{\"@type\":\"BreadcrumbList\",\"@id\":\"https:\/\/okomeds.com\/pharmaceutical-translation\/#breadcrumb\",\"itemListElement\":[{\"@type\":\"ListItem\",\"position\":1,\"name\":\"Home\",\"item\":\"https:\/\/okomeds.com\/es\/inicio-2-2\/\"},{\"@type\":\"ListItem\",\"position\":2,\"name\":\"Traducciones farmac\u00e9uticas\"}]},{\"@type\":\"WebSite\",\"@id\":\"https:\/\/okomeds.com\/#website\",\"url\":\"https:\/\/okomeds.com\/\",\"name\":\"Okomeds\",\"description\":\"Agencia de traducci\u00f3n m\u00e9dica y de salud\",\"publisher\":{\"@id\":\"https:\/\/okomeds.com\/#organization\"},\"potentialAction\":[{\"@type\":\"SearchAction\",\"target\":{\"@type\":\"EntryPoint\",\"urlTemplate\":\"https:\/\/okomeds.com\/?s={search_term_string}\"},\"query-input\":{\"@type\":\"PropertyValueSpecification\",\"valueRequired\":true,\"valueName\":\"search_term_string\"}}],\"inLanguage\":\"es\"},{\"@type\":\"Organization\",\"@id\":\"https:\/\/okomeds.com\/#organization\",\"name\":\"Okodia\",\"url\":\"https:\/\/okomeds.com\/\",\"logo\":{\"@type\":\"ImageObject\",\"inLanguage\":\"es\",\"@id\":\"https:\/\/okomeds.com\/#\/schema\/logo\/image\/\",\"url\":\"https:\/\/okomeds.com\/wp-content\/uploads\/2015\/12\/logo-okomeds.png\",\"contentUrl\":\"https:\/\/okomeds.com\/wp-content\/uploads\/2015\/12\/logo-okomeds.png\",\"width\":300,\"height\":77,\"caption\":\"Okodia\"},\"image\":{\"@id\":\"https:\/\/okomeds.com\/#\/schema\/logo\/image\/\"},\"sameAs\":[\"https:\/\/www.facebook.com\/okomeds\",\"https:\/\/x.com\/okomeds\",\"https:\/\/www.linkedin.com\/company\/okomeds\"]}]}<\/script>\n<!-- \/ Yoast SEO plugin. -->","yoast_head_json":{"title":"Traducciones farmac\u00e9uticas y traductor farmaceutico - Okomeds","description":"Somos especialistas en traducciones farmac\u00e9uticas. Encontrar\u00e1s los mejores traductores farmac\u00e9uticos, con los contenidos traducidos en la mejor calidad.","robots":{"index":"index","follow":"follow","max-snippet":"max-snippet:-1","max-image-preview":"max-image-preview:large","max-video-preview":"max-video-preview:-1"},"canonical":"https:\/\/okomeds.com\/pharmaceutical-translation\/","og_locale":"es_ES","og_type":"article","og_title":"Traducciones farmac\u00e9uticas y traductor farmaceutico - Okomeds","og_description":"Somos especialistas en traducciones farmac\u00e9uticas. Encontrar\u00e1s los mejores traductores farmac\u00e9uticos, con los contenidos traducidos en la mejor calidad.","og_url":"https:\/\/okomeds.com\/pharmaceutical-translation\/","og_site_name":"Okomeds","article_publisher":"https:\/\/www.facebook.com\/okomeds","article_modified_time":"2021-05-03T10:38:30+00:00","twitter_card":"summary_large_image","twitter_site":"@okomeds","twitter_misc":{"Tiempo de lectura":"6 minutos"},"schema":{"@context":"https:\/\/schema.org","@graph":[{"@type":"WebPage","@id":"https:\/\/okomeds.com\/pharmaceutical-translation\/","url":"https:\/\/okomeds.com\/pharmaceutical-translation\/","name":"Traducciones farmac\u00e9uticas y traductor farmaceutico - Okomeds","isPartOf":{"@id":"https:\/\/okomeds.com\/#website"},"datePublished":"2015-11-16T12:47:39+00:00","dateModified":"2021-05-03T10:38:30+00:00","description":"Somos especialistas en traducciones farmac\u00e9uticas. Encontrar\u00e1s los mejores traductores farmac\u00e9uticos, con los contenidos traducidos en la mejor calidad.","breadcrumb":{"@id":"https:\/\/okomeds.com\/pharmaceutical-translation\/#breadcrumb"},"inLanguage":"es","potentialAction":[{"@type":"ReadAction","target":["https:\/\/okomeds.com\/pharmaceutical-translation\/"]}]},{"@type":"BreadcrumbList","@id":"https:\/\/okomeds.com\/pharmaceutical-translation\/#breadcrumb","itemListElement":[{"@type":"ListItem","position":1,"name":"Home","item":"https:\/\/okomeds.com\/es\/inicio-2-2\/"},{"@type":"ListItem","position":2,"name":"Traducciones farmac\u00e9uticas"}]},{"@type":"WebSite","@id":"https:\/\/okomeds.com\/#website","url":"https:\/\/okomeds.com\/","name":"Okomeds","description":"Agencia de traducci\u00f3n m\u00e9dica y de salud","publisher":{"@id":"https:\/\/okomeds.com\/#organization"},"potentialAction":[{"@type":"SearchAction","target":{"@type":"EntryPoint","urlTemplate":"https:\/\/okomeds.com\/?s={search_term_string}"},"query-input":{"@type":"PropertyValueSpecification","valueRequired":true,"valueName":"search_term_string"}}],"inLanguage":"es"},{"@type":"Organization","@id":"https:\/\/okomeds.com\/#organization","name":"Okodia","url":"https:\/\/okomeds.com\/","logo":{"@type":"ImageObject","inLanguage":"es","@id":"https:\/\/okomeds.com\/#\/schema\/logo\/image\/","url":"https:\/\/okomeds.com\/wp-content\/uploads\/2015\/12\/logo-okomeds.png","contentUrl":"https:\/\/okomeds.com\/wp-content\/uploads\/2015\/12\/logo-okomeds.png","width":300,"height":77,"caption":"Okodia"},"image":{"@id":"https:\/\/okomeds.com\/#\/schema\/logo\/image\/"},"sameAs":["https:\/\/www.facebook.com\/okomeds","https:\/\/x.com\/okomeds","https:\/\/www.linkedin.com\/company\/okomeds"]}]}},"_links":{"self":[{"href":"https:\/\/okomeds.com\/es\/wp-json\/wp\/v2\/pages\/8876","targetHints":{"allow":["GET"]}}],"collection":[{"href":"https:\/\/okomeds.com\/es\/wp-json\/wp\/v2\/pages"}],"about":[{"href":"https:\/\/okomeds.com\/es\/wp-json\/wp\/v2\/types\/page"}],"author":[{"embeddable":true,"href":"https:\/\/okomeds.com\/es\/wp-json\/wp\/v2\/users\/3"}],"replies":[{"embeddable":true,"href":"https:\/\/okomeds.com\/es\/wp-json\/wp\/v2\/comments?post=8876"}],"version-history":[{"count":23,"href":"https:\/\/okomeds.com\/es\/wp-json\/wp\/v2\/pages\/8876\/revisions"}],"predecessor-version":[{"id":11985,"href":"https:\/\/okomeds.com\/es\/wp-json\/wp\/v2\/pages\/8876\/revisions\/11985"}],"wp:attachment":[{"href":"https:\/\/okomeds.com\/es\/wp-json\/wp\/v2\/media?parent=8876"}],"curies":[{"name":"wp","href":"https:\/\/api.w.org\/{rel}","templated":true}]}}