{"id":8884,"date":"2015-11-16T14:03:37","date_gmt":"2015-11-16T13:03:37","guid":{"rendered":"http:\/\/okomeds.com\/es\/?page_id=8884"},"modified":"2021-12-28T15:01:18","modified_gmt":"2021-12-28T14:01:18","slug":"interpretacion-medica-2","status":"publish","type":"page","link":"https:\/\/okomeds.com\/es\/interpretacion-medica-2\/","title":{"rendered":"Servicio de traducci\u00f3n e interpretaci\u00f3n m\u00e9dica"},"content":{"rendered":"<section class=\"wpb-content-wrapper\"><p>[vc_row css_animation=\u00bb\u00bb row_type=\u00bbrow\u00bb use_row_as_full_screen_section=\u00bbno\u00bb type=\u00bbfull_width\u00bb angled_section=\u00bbno\u00bb text_align=\u00bbleft\u00bb background_image_as_pattern=\u00bbwithout_pattern\u00bb css=\u00bb.vc_custom_1443779444256{background-position: center !important;background-repeat: no-repeat !important;background-size: cover !important;}\u00bb][vc_column][vc_row_inner row_type=\u00bbrow\u00bb type=\u00bbfull_width\u00bb text_align=\u00bbleft\u00bb css_animation=\u00bb\u00bb][vc_column_inner width=\u00bb1\/3&#8243; css=\u00bb.vc_custom_1444128534975{padding-top: 25px !important;}\u00bb][vc_single_image image=\u00bb915&#8243; img_size=\u00bbfull\u00bb qode_css_animation=\u00bb\u00bb][\/vc_column_inner][vc_column_inner width=\u00bb2\/3&#8243;][vc_column_text]<\/p>\n<div id=\"ez-toc-container\" class=\"ez-toc-v2_0_81 counter-hierarchy ez-toc-counter ez-toc-grey ez-toc-container-direction\">\n<div class=\"ez-toc-title-container\">\n<p class=\"ez-toc-title\" style=\"cursor:inherit\">Table of Contents<\/p>\n<span class=\"ez-toc-title-toggle\"><a href=\"#\" class=\"ez-toc-pull-right ez-toc-btn ez-toc-btn-xs ez-toc-btn-default ez-toc-toggle\" aria-label=\"Alternar tabla de contenidos\"><span class=\"ez-toc-js-icon-con\"><span class=\"\"><span class=\"eztoc-hide\" style=\"display:none;\">Toggle<\/span><span class=\"ez-toc-icon-toggle-span\"><svg style=\"fill: #999;color:#999\" xmlns=\"http:\/\/www.w3.org\/2000\/svg\" class=\"list-377408\" width=\"20px\" height=\"20px\" viewBox=\"0 0 24 24\" fill=\"none\"><path d=\"M6 6H4v2h2V6zm14 0H8v2h12V6zM4 11h2v2H4v-2zm16 0H8v2h12v-2zM4 16h2v2H4v-2zm16 0H8v2h12v-2z\" fill=\"currentColor\"><\/path><\/svg><svg style=\"fill: #999;color:#999\" class=\"arrow-unsorted-368013\" xmlns=\"http:\/\/www.w3.org\/2000\/svg\" width=\"10px\" height=\"10px\" viewBox=\"0 0 24 24\" version=\"1.2\" baseProfile=\"tiny\"><path d=\"M18.2 9.3l-6.2-6.3-6.2 6.3c-.2.2-.3.4-.3.7s.1.5.3.7c.2.2.4.3.7.3h11c.3 0 .5-.1.7-.3.2-.2.3-.5.3-.7s-.1-.5-.3-.7zM5.8 14.7l6.2 6.3 6.2-6.3c.2-.2.3-.5.3-.7s-.1-.5-.3-.7c-.2-.2-.4-.3-.7-.3h-11c-.3 0-.5.1-.7.3-.2.2-.3.5-.3.7s.1.5.3.7z\"\/><\/svg><\/span><\/span><\/span><\/a><\/span><\/div>\n<nav><ul class='ez-toc-list ez-toc-list-level-1 ' ><li class='ez-toc-page-1 ez-toc-heading-level-2'><a class=\"ez-toc-link ez-toc-heading-1\" href=\"https:\/\/okomeds.com\/es\/interpretacion-medica-2\/#Encuentra_a_tu_interprete_medico\" >Encuentra a tu int\u00e9rprete m\u00e9dico<\/a><\/li><li class='ez-toc-page-1 ez-toc-heading-level-2'><a class=\"ez-toc-link ez-toc-heading-2\" href=\"https:\/\/okomeds.com\/es\/interpretacion-medica-2\/#Que_hace_un_interprete_medico\" >Qu\u00e9 hace un int\u00e9rprete m\u00e9dico<\/a><\/li><li class='ez-toc-page-1 ez-toc-heading-level-2'><a class=\"ez-toc-link ez-toc-heading-3\" href=\"https:\/\/okomeds.com\/es\/interpretacion-medica-2\/#Asistencia_de_comunicacion_para_pacientes_extranjeros\" >Asistencia de comunicaci\u00f3n para pacientes extranjeros<\/a><\/li><li class='ez-toc-page-1 ez-toc-heading-level-2'><a class=\"ez-toc-link ez-toc-heading-4\" href=\"https:\/\/okomeds.com\/es\/interpretacion-medica-2\/#Interpretacion_al_servicio_de_Medicina\" >Interpretaci\u00f3n al servicio de Medicina<\/a><\/li><li class='ez-toc-page-1 ez-toc-heading-level-2'><a class=\"ez-toc-link ez-toc-heading-5\" href=\"https:\/\/okomeds.com\/es\/interpretacion-medica-2\/#Eventos_medicos_que_necesitan_interpretacion\" >Eventos m\u00e9dicos que necesitan interpretaci\u00f3n<\/a><ul class='ez-toc-list-level-3' ><li class='ez-toc-heading-level-3'><a class=\"ez-toc-link ez-toc-heading-6\" href=\"https:\/\/okomeds.com\/es\/interpretacion-medica-2\/#%C2%BFEn_que_idiomas_necesitas_tu_interprete_medico\" >\u00bfEn qu\u00e9 idiomas necesitas tu int\u00e9rprete m\u00e9dico?<\/a><\/li><\/ul><\/li><\/ul><\/nav><\/div>\n<h2 style=\"text-align: justify;\"><span class=\"ez-toc-section\" id=\"Encuentra_a_tu_interprete_medico\"><\/span>Encuentra a tu int\u00e9rprete m\u00e9dico<span class=\"ez-toc-section-end\"><\/span><\/h2>\n<p style=\"text-align: justify;\">En el \u00e1mbito de la medicina, los idiomas son una pieza muy importante y la <strong>interpretaci\u00f3n m\u00e9dica<\/strong> es clave para sortear este tipo de obst\u00e1culos. \u00bfTe imaginas qu\u00e9 ocurrir\u00eda si necesitaras asistencia m\u00e9dica y no entendieras el idioma del m\u00e9dico que te atiende? Ser\u00eda, ciertamente, algo catastr\u00f3fico, pues aunque los m\u00e9dicos pudieran hacer algo para curarte, t\u00fa no podr\u00edas dar tu consentimiento para ello, ya que no entiendes su idioma.<\/p>\n<p>&nbsp;<\/p>\n<p style=\"text-align: justify;\">En Okomeds queremos ayudarte en ese proceso.<\/p>\n<p>[\/vc_column_text][\/vc_column_inner][\/vc_row_inner][vc_column_text]<\/p>\n<h2 style=\"text-align: justify;\"><span class=\"ez-toc-section\" id=\"Que_hace_un_interprete_medico\"><\/span>Qu\u00e9 hace un int\u00e9rprete m\u00e9dico<span class=\"ez-toc-section-end\"><\/span><\/h2>\n<p style=\"text-align: justify;\">En el \u00e1mbito de la medicina, la interpretaci\u00f3n m\u00e9dica es clave. El int\u00e9rprete m\u00e9dico juega un papel muy importante, proporcionando un apoyo esencial en la industria de la salud. Pocas cosas son tan cr\u00edticas como el bienestar. La traducci\u00f3n contextualizada va m\u00e1s all\u00e1 de las palabras para comprender tambi\u00e9n el impacto emocional que una situaci\u00f3n m\u00e9dica puede tener en la vida de una persona.<\/p>\n<p>&nbsp;<\/p>\n<p style=\"text-align: justify;\">En nuestra <a href=\"https:\/\/okomeds.com\/es\/\">agencia de traducci\u00f3n m\u00e9dica<\/a> contamos con una amplia experiencia en interpretaci\u00f3n presencial tanto para instituciones p\u00fablicas como privadas. Te detallamos por qu\u00e9 los int\u00e9rpretes m\u00e9dicos son necesarios hoy en d\u00eda.<\/p>\n<p>&nbsp;<\/p>\n<p>&nbsp;<\/p>\n<h2 style=\"text-align: justify;\"><span class=\"ez-toc-section\" id=\"Asistencia_de_comunicacion_para_pacientes_extranjeros\"><\/span>Asistencia de comunicaci\u00f3n para pacientes extranjeros<span class=\"ez-toc-section-end\"><\/span><\/h2>\n<p style=\"text-align: justify;\">A menudo, el int\u00e9rprete m\u00e9dico act\u00faa como una especie de <strong>mediador entre el m\u00e9dico y el paciente<\/strong>. En este sentido, tienen la responsabilidad \u00e9tica de transmitir fielmente un mensaje al paciente sobre las observaciones realizadas por el especialista, y viceversa. En el contexto de la industria de la salud, proporcionar una interpretaci\u00f3n excelente es primordial y de suma importancia.<\/p>\n<p>&nbsp;<\/p>\n<p style=\"text-align: justify;\">Al mismo tiempo, este es uno de los aspectos m\u00e1s privados de la vida de una persona. Los problemas relacionados con la historia cl\u00ednica de una persona son asuntos muy privados e \u00edntimos. Parte del c\u00f3digo \u00e9tico de un int\u00e9rprete m\u00e9dico es el respeto por la privacidad de cada persona. En algunos casos, incluso firman acuerdos de confidencialidad.<\/p>\n<p>&nbsp;<\/p>\n<p style=\"text-align: justify;\">En todo momento, la comunicaci\u00f3n es una prioridad especialmente importante. Cuando un paciente no habla el mismo idioma que su m\u00e9dico, se siente desorientado e inc\u00f3modo. Los int\u00e9rpretes m\u00e9dicos especializados en este campo proporcionan cercan\u00eda emocional a estos pacientes, para que se sientan m\u00e1s seguros porque entienden lo que est\u00e1 sucediendo, gracias a la interpretaci\u00f3n m\u00e9dica. El paciente recibe respuestas a todas sus preguntas.<\/p>\n<p>&nbsp;<\/p>\n<p style=\"text-align: justify;\">Es un trabajo muy humano, por lo que el int\u00e9rprete debe ser introspectivo para estar realmente involucrado en el caso, controlando tambi\u00e9n sus emociones y evitando que cada situaci\u00f3n le afecte personalmente. Mantener la objetividad es probablemente uno de los aspectos m\u00e1s complicados de esta profesi\u00f3n.<\/p>\n<p>&nbsp;<\/p>\n<p style=\"text-align: justify;\">En una gran mayor\u00eda de casos, la interpretaci\u00f3n m\u00e9dica se proporciona a pacientes que tienen una cultura muy diferente a la nuestra. Como tal, el int\u00e9rprete debe tener una comprensi\u00f3n de ambas culturas que vaya m\u00e1s all\u00e1 del idioma en s\u00ed. Las dudas sobre ser tratado por alguien del sexo opuesto o someterse a determinadas pruebas m\u00e9dicas y la formalidad del tratamiento son solo algunos de los aspectos que el int\u00e9rprete debe considerar para hacer bien su trabajo.<\/p>\n<p>&nbsp;<\/p>\n<p style=\"text-align: justify;\">Tambi\u00e9n es importante que los int\u00e9rpretes m\u00e9dicos est\u00e9n familiarizados con el funcionamiento del sistema nacional de salud del pa\u00eds donde ejercen, as\u00ed como con la documentaci\u00f3n que se utiliza habitualmente en esta industria.<\/p>\n<p>&nbsp;<\/p>\n<p style=\"text-align: justify;\">El trabajo de los int\u00e9rpretes profesionales se vuelve a\u00fan m\u00e1s complejo por la dificultad del lenguaje m\u00e9dico, que incluye conceptos t\u00e9cnicos y terminolog\u00eda espec\u00edfica. As\u00ed como un m\u00e9dico puede ver su trabajo como una vocaci\u00f3n personal, los int\u00e9rpretes que trabajan en este campo a menudo sienten lo mismo. Esta asistencia personal es tan valiosa como la propia medicina.<\/p>\n<p>&nbsp;<\/p>\n<p>&nbsp;<\/p>\n<h2 style=\"text-align: justify;\"><span class=\"ez-toc-section\" id=\"Interpretacion_al_servicio_de_Medicina\"><\/span>Interpretaci\u00f3n al servicio de Medicina<span class=\"ez-toc-section-end\"><\/span><\/h2>\n<p style=\"text-align: justify;\">En un mundo cada vez m\u00e1s globalizado, la interpretaci\u00f3n y la <a href=\"https:\/\/okomeds.com\/es\/transcripciones-medicas\/\">transcripci\u00f3n m\u00e9dica<\/a> se han hecho indispensables. Cada vez viajamos m\u00e1s y, como consecuencia, necesitamos m\u00e9dicos que hablen nuestro idioma en el lugar en el que nos encontramos, o bien int\u00e9rpretes m\u00e9dicos especializados en medicina de manera que nos puedan ayudar en la comunicaci\u00f3n con otros especialistas gracias a su trabajo de interpretaci\u00f3n m\u00e9dica.<\/p>\n<p>&nbsp;<\/p>\n<p style=\"text-align: justify;\">Entre los servicios que m\u00e1s se suelen requerir en esta modalidad destaca la interpretaci\u00f3n para consultas m\u00e9dicas, para hospitalizaciones en centros m\u00e9dicos y hospitales p\u00fablicos y privados.<\/p>\n<p>&nbsp;<\/p>\n<p style=\"text-align: justify;\">Okomeds te ofrece un servicio de interpretaci\u00f3n m\u00e9dica preciso que facilita la comunicaci\u00f3n entre el personal m\u00e9dico, paciente y familia.<\/p>\n<ul>\n<li style=\"text-align: justify;\"><strong>Interpretaci\u00f3n m\u00e9dica simult\u00e1nea:<\/strong> los profesionales especializados traducen de manera inmediata. Se necesita un equipo t\u00e9cnico y receptores auriculares.<\/li>\n<li style=\"text-align: justify;\"><strong>Interpretaci\u00f3n m\u00e9dica consecutiva:<\/strong> el profesional m\u00e9dico est\u00e1 al lado del orador y traduce el mensaje a continuaci\u00f3n.<\/li>\n<li style=\"text-align: justify;\"><strong>Interpretaci\u00f3n m\u00e9dica de enlace:<\/strong> el traductor se sit\u00faa entre los interlocutores y traduce, susurrando o en voz alta, los mensajes. Suele utilizarse en reuniones de negocios, visitas comerciales, etc.<\/li>\n<li style=\"text-align: justify;\"><strong>Interpretaci\u00f3n m\u00e9dica telef\u00f3nica:<\/strong> el traductor especializado est\u00e1 en otra l\u00ednea de la conferencia telef\u00f3nica y traduce los mensajes. Es muy flexible y econ\u00f3mica.<\/li>\n<\/ul>\n<p>&nbsp;<\/p>\n<p>&nbsp;<\/p>\n<h2><span class=\"ez-toc-section\" id=\"Eventos_medicos_que_necesitan_interpretacion\"><\/span>Eventos m\u00e9dicos que necesitan interpretaci\u00f3n<span class=\"ez-toc-section-end\"><\/span><\/h2>\n<p style=\"text-align: justify;\">Por otro lado, hay eventos en el mundo de la medicina que tambi\u00e9n necesitan del uso de la interpretaci\u00f3n. Y es que cada vez se celebran m\u00e1s eventos multiling\u00fces de \u00e1mbito m\u00e9dico en el mundo.<\/p>\n<p>&nbsp;<\/p>\n<p style=\"text-align: justify;\">As\u00ed que tanto si est\u00e1s preparando una reuni\u00f3n o conferencia de car\u00e1cter m\u00e9dico, como si asistir\u00e1s a dicho evento, cuenta con nuestro servicio de interpretaci\u00f3n m\u00e9dica. Con \u00e9l conseguir\u00e1s una soluci\u00f3n global y personalizada. Un equipo profesional de <a href=\"https:\/\/okomeds.com\/es\/traductor-medico\/\">traductores m\u00e9dicos nativos especializados en medicina<\/a> y un equipo t\u00e9cnico necesario y profesionales t\u00e9cnicos har\u00e1n que la interpretaci\u00f3n m\u00e9dica y la comunicaci\u00f3n entre los ponentes y los asistentes sea un \u00e9xito.<\/p>\n<p>[\/vc_column_text][vc_empty_space height=\u00bb35px\u00bb][vc_column_text]<\/p>\n<h3 style=\"text-align: justify;\"><span class=\"ez-toc-section\" id=\"%C2%BFEn_que_idiomas_necesitas_tu_interprete_medico\"><\/span>\u00bfEn qu\u00e9 idiomas necesitas tu int\u00e9rprete m\u00e9dico?<span class=\"ez-toc-section-end\"><\/span><\/h3>\n<p style=\"text-align: justify;\">ingl\u00e9s \u2013 franc\u00e9s \u2013 espa\u00f1ol \u2013 italiano \u2013 portugu\u00e9s \u2013 catal\u00e1n \u2013 alem\u00e1n \u2013 neerland\u00e9s \u2013 estonio \u2013 lituano \u2013 let\u00f3n \u2013 irland\u00e9s \u2013 japon\u00e9s \u2013 ruso \u2013 polaco \u2013 \u00e1rabe \u2013 chino \u2013 eslovaco \u2013 esloveno \u2013 checo \u2013 croata \u2013 rumano \u2013 h\u00fangaro \u2013 turco \u2013 hebreo \u2013 griego \u2013 malt\u00e9s \u2013 serbio \u2013 ucraniano \u2013 bielorruso \u2013 b\u00falgaro \u2013 euskera \u2013 gallego \u2013 lat\u00edn \u2013 esperanto \u2013 dan\u00e9s \u2013 sueco \u2013 noruego \u2013 island\u00e9s \u2013 fin\u00e9s \u2013 persa \u2013 urdu \u2013 tailand\u00e9s \u2013 guaran\u00ed \u2013 quechua \u2013 aymara<\/p>\n<p>[\/vc_column_text][vc_empty_space height=\u00bb35px\u00bb][vc_row_inner row_type=\u00bbrow\u00bb type=\u00bbfull_width\u00bb text_align=\u00bbleft\u00bb css_animation=\u00bb\u00bb][vc_column_inner width=\u00bb1\/4&#8243;]<br \/>\n[\/vc_column_inner][vc_column_inner width=\u00bb1\/2&#8243; css=\u00bb.vc_custom_1443792879316{background-position: center !important;background-repeat: no-repeat !important;background-size: contain !important;}\u00bb][vc_raw_html]JTNDYSUyMGhyZWYlM0QlMjIlMjNuaW5qYS1wb3B1cC04OTQ1JTIyJTNFJTNDaW1nJTIwc3R5bGUlM0QlMjJtYXJnaW4tbGVmdCUzQTcycHglM0IlMjIlMjBzcmMlM0QlMjJodHRwcyUzQSUyRiUyRm9rb21lZHMuY29tJTJGd3AtY29udGVudCUyRnVwbG9hZHMlMkYyMDE1JTJGMTAlMkZzb2xpY2l0YXItcHJlc3VwdWVzdG8ucG5nJTIyJTIwYWx0JTNEJTIyc29saWNpdGFyJTIwcHJlc3VwdWVzdG8lMjBkZSUyMHRyYWR1Y2NpJUMzJUIzbiUyMG0lQzMlQTlkaWNhJTIwZ3JhdGlzJTIyJTIwaGVpZ2h0JTNEJTIyMzUlMjIlMjB3aWR0aCUzRCUyMjE5MCUyMiUzRSUzQyUyRmElM0U=[\/vc_raw_html][\/vc_column_inner][vc_column_inner width=\u00bb1\/4&#8243;]<br \/>\n[\/vc_column_inner][\/vc_row_inner][vc_empty_space height=\u00bb90px\u00bb][vc_column_text]<script type=\"application\/ld+json\">\n{\n  \"@context\": \"https:\/\/schema.org\/\", \n  \"@type\": \"Product\", \n  \"name\": \"Interpretaci\u00f3n m\u00e9dica\",\n  \"image\": \"https:\/\/okomeds.com\/wp-content\/uploads\/2015\/09\/xlogo-300x77.png\",\n  \"description\": \"Traductores e int\u00e9rpretes m\u00e9dicos diplomados para servicios de interpretaci\u00f3n m\u00e9dica en entrevistas, citas m\u00e9dicas, reuniones, congresos u otros eventos.\",\n  \"brand\": \"Okomeds - Traducciones Medicas Certificadas\",\n  \"category\": \"Service\",\n  \"sku\": \"interpretacion-medica\",\n  \"offers\": {\n    \"@type\": \"Offer\",\n    \"url\": \"https:\/\/okomeds.com\/es\/interpretacion-medica\/\",\n    \"priceCurrency\": \"EUR\",\n    \"price\": \"150\",\n    \"priceValidUntil\": \"2026-12-31\",\n    \"availability\": \"https:\/\/schema.org\/InStock\",\n    \"itemCondition\": \"https:\/\/schema.org\/NewCondition\"\n  }\n}\n<\/script>[\/vc_column_text][\/vc_column][\/vc_row]<\/p>\n<\/section>","protected":false},"excerpt":{"rendered":"<p>[vc_row css_animation=\u00bb\u00bb row_type=\u00bbrow\u00bb use_row_as_full_screen_section=\u00bbno\u00bb type=\u00bbfull_width\u00bb angled_section=\u00bbno\u00bb text_align=\u00bbleft\u00bb background_image_as_pattern=\u00bbwithout_pattern\u00bb css=\u00bb.vc_custom_1443779444256{background-position: center !important;background-repeat: no-repeat !important;background-size: cover !important;}\u00bb][vc_column][vc_row_inner row_type=\u00bbrow\u00bb type=\u00bbfull_width\u00bb text_align=\u00bbleft\u00bb css_animation=\u00bb\u00bb][vc_column_inner width=\u00bb1\/3&#8243; css=\u00bb.vc_custom_1444128534975{padding-top: 25px !important;}\u00bb][vc_single_image image=\u00bb915&#8243; img_size=\u00bbfull\u00bb qode_css_animation=\u00bb\u00bb][\/vc_column_inner][vc_column_inner width=\u00bb2\/3&#8243;][vc_column_text] Encuentra a tu int\u00e9rprete m\u00e9dico En el \u00e1mbito de la medicina, los idiomas son una pieza muy importante&#8230;<\/p>\n","protected":false},"author":3,"featured_media":0,"parent":0,"menu_order":10,"comment_status":"open","ping_status":"closed","template":"","meta":{"_acf_changed":false,"footnotes":""},"class_list":["post-8884","page","type-page","status-publish","hentry"],"acf":[],"yoast_head":"<!-- This site is optimized with the Yoast SEO plugin v27.1.1 - https:\/\/yoast.com\/product\/yoast-seo-wordpress\/ -->\n<title>Interpretaci\u00f3n m\u00e9dica - Int\u00e9rpretes m\u00e9dicos - Okomeds<\/title>\n<meta name=\"description\" content=\"Traductores e int\u00e9rpretes m\u00e9dicos diplomados para servicios de interpretaci\u00f3n m\u00e9dica en entrevistas, citas m\u00e9dicas, reuniones, congresos u otros eventos\" \/>\n<meta name=\"robots\" content=\"index, follow, max-snippet:-1, max-image-preview:large, max-video-preview:-1\" \/>\n<link rel=\"canonical\" href=\"https:\/\/okomeds.com\/interpreter-translator\/\" \/>\n<meta property=\"og:locale\" content=\"es_ES\" \/>\n<meta property=\"og:type\" content=\"article\" \/>\n<meta property=\"og:title\" content=\"Interpretaci\u00f3n m\u00e9dica - Int\u00e9rpretes m\u00e9dicos - Okomeds\" \/>\n<meta property=\"og:description\" content=\"Traductores e int\u00e9rpretes m\u00e9dicos diplomados para servicios de interpretaci\u00f3n m\u00e9dica en entrevistas, citas m\u00e9dicas, reuniones, congresos u otros eventos\" \/>\n<meta property=\"og:url\" content=\"https:\/\/okomeds.com\/interpreter-translator\/\" \/>\n<meta property=\"og:site_name\" content=\"Okomeds\" \/>\n<meta property=\"article:publisher\" content=\"https:\/\/www.facebook.com\/okomeds\" \/>\n<meta property=\"article:modified_time\" content=\"2021-12-28T14:01:18+00:00\" \/>\n<meta name=\"twitter:card\" content=\"summary_large_image\" \/>\n<meta name=\"twitter:site\" content=\"@okomeds\" \/>\n<meta name=\"twitter:label1\" content=\"Tiempo de lectura\" \/>\n\t<meta name=\"twitter:data1\" content=\"7 minutos\" \/>\n<script type=\"application\/ld+json\" class=\"yoast-schema-graph\">{\"@context\":\"https:\/\/schema.org\",\"@graph\":[{\"@type\":\"WebPage\",\"@id\":\"https:\/\/okomeds.com\/interpreter-translator\/\",\"url\":\"https:\/\/okomeds.com\/interpreter-translator\/\",\"name\":\"Interpretaci\u00f3n m\u00e9dica - Int\u00e9rpretes m\u00e9dicos - Okomeds\",\"isPartOf\":{\"@id\":\"https:\/\/okomeds.com\/#website\"},\"datePublished\":\"2015-11-16T13:03:37+00:00\",\"dateModified\":\"2021-12-28T14:01:18+00:00\",\"description\":\"Traductores e int\u00e9rpretes m\u00e9dicos diplomados para servicios de interpretaci\u00f3n m\u00e9dica en entrevistas, citas m\u00e9dicas, reuniones, congresos u otros eventos\",\"breadcrumb\":{\"@id\":\"https:\/\/okomeds.com\/interpreter-translator\/#breadcrumb\"},\"inLanguage\":\"es\",\"potentialAction\":[{\"@type\":\"ReadAction\",\"target\":[\"https:\/\/okomeds.com\/interpreter-translator\/\"]}]},{\"@type\":\"BreadcrumbList\",\"@id\":\"https:\/\/okomeds.com\/interpreter-translator\/#breadcrumb\",\"itemListElement\":[{\"@type\":\"ListItem\",\"position\":1,\"name\":\"Home\",\"item\":\"https:\/\/okomeds.com\/es\/inicio-2-2\/\"},{\"@type\":\"ListItem\",\"position\":2,\"name\":\"Servicio de traducci\u00f3n e interpretaci\u00f3n m\u00e9dica\"}]},{\"@type\":\"WebSite\",\"@id\":\"https:\/\/okomeds.com\/#website\",\"url\":\"https:\/\/okomeds.com\/\",\"name\":\"Okomeds\",\"description\":\"Agencia de traducci\u00f3n m\u00e9dica y de salud\",\"publisher\":{\"@id\":\"https:\/\/okomeds.com\/#organization\"},\"potentialAction\":[{\"@type\":\"SearchAction\",\"target\":{\"@type\":\"EntryPoint\",\"urlTemplate\":\"https:\/\/okomeds.com\/?s={search_term_string}\"},\"query-input\":{\"@type\":\"PropertyValueSpecification\",\"valueRequired\":true,\"valueName\":\"search_term_string\"}}],\"inLanguage\":\"es\"},{\"@type\":\"Organization\",\"@id\":\"https:\/\/okomeds.com\/#organization\",\"name\":\"Okodia\",\"url\":\"https:\/\/okomeds.com\/\",\"logo\":{\"@type\":\"ImageObject\",\"inLanguage\":\"es\",\"@id\":\"https:\/\/okomeds.com\/#\/schema\/logo\/image\/\",\"url\":\"https:\/\/okomeds.com\/wp-content\/uploads\/2015\/12\/logo-okomeds.png\",\"contentUrl\":\"https:\/\/okomeds.com\/wp-content\/uploads\/2015\/12\/logo-okomeds.png\",\"width\":300,\"height\":77,\"caption\":\"Okodia\"},\"image\":{\"@id\":\"https:\/\/okomeds.com\/#\/schema\/logo\/image\/\"},\"sameAs\":[\"https:\/\/www.facebook.com\/okomeds\",\"https:\/\/x.com\/okomeds\",\"https:\/\/www.linkedin.com\/company\/okomeds\"]}]}<\/script>\n<!-- \/ Yoast SEO plugin. -->","yoast_head_json":{"title":"Interpretaci\u00f3n m\u00e9dica - Int\u00e9rpretes m\u00e9dicos - Okomeds","description":"Traductores e int\u00e9rpretes m\u00e9dicos diplomados para servicios de interpretaci\u00f3n m\u00e9dica en entrevistas, citas m\u00e9dicas, reuniones, congresos u otros eventos","robots":{"index":"index","follow":"follow","max-snippet":"max-snippet:-1","max-image-preview":"max-image-preview:large","max-video-preview":"max-video-preview:-1"},"canonical":"https:\/\/okomeds.com\/interpreter-translator\/","og_locale":"es_ES","og_type":"article","og_title":"Interpretaci\u00f3n m\u00e9dica - Int\u00e9rpretes m\u00e9dicos - Okomeds","og_description":"Traductores e int\u00e9rpretes m\u00e9dicos diplomados para servicios de interpretaci\u00f3n m\u00e9dica en entrevistas, citas m\u00e9dicas, reuniones, congresos u otros eventos","og_url":"https:\/\/okomeds.com\/interpreter-translator\/","og_site_name":"Okomeds","article_publisher":"https:\/\/www.facebook.com\/okomeds","article_modified_time":"2021-12-28T14:01:18+00:00","twitter_card":"summary_large_image","twitter_site":"@okomeds","twitter_misc":{"Tiempo de lectura":"7 minutos"},"schema":{"@context":"https:\/\/schema.org","@graph":[{"@type":"WebPage","@id":"https:\/\/okomeds.com\/interpreter-translator\/","url":"https:\/\/okomeds.com\/interpreter-translator\/","name":"Interpretaci\u00f3n m\u00e9dica - Int\u00e9rpretes m\u00e9dicos - Okomeds","isPartOf":{"@id":"https:\/\/okomeds.com\/#website"},"datePublished":"2015-11-16T13:03:37+00:00","dateModified":"2021-12-28T14:01:18+00:00","description":"Traductores e int\u00e9rpretes m\u00e9dicos diplomados para servicios de interpretaci\u00f3n m\u00e9dica en entrevistas, citas m\u00e9dicas, reuniones, congresos u otros eventos","breadcrumb":{"@id":"https:\/\/okomeds.com\/interpreter-translator\/#breadcrumb"},"inLanguage":"es","potentialAction":[{"@type":"ReadAction","target":["https:\/\/okomeds.com\/interpreter-translator\/"]}]},{"@type":"BreadcrumbList","@id":"https:\/\/okomeds.com\/interpreter-translator\/#breadcrumb","itemListElement":[{"@type":"ListItem","position":1,"name":"Home","item":"https:\/\/okomeds.com\/es\/inicio-2-2\/"},{"@type":"ListItem","position":2,"name":"Servicio de traducci\u00f3n e interpretaci\u00f3n m\u00e9dica"}]},{"@type":"WebSite","@id":"https:\/\/okomeds.com\/#website","url":"https:\/\/okomeds.com\/","name":"Okomeds","description":"Agencia de traducci\u00f3n m\u00e9dica y de salud","publisher":{"@id":"https:\/\/okomeds.com\/#organization"},"potentialAction":[{"@type":"SearchAction","target":{"@type":"EntryPoint","urlTemplate":"https:\/\/okomeds.com\/?s={search_term_string}"},"query-input":{"@type":"PropertyValueSpecification","valueRequired":true,"valueName":"search_term_string"}}],"inLanguage":"es"},{"@type":"Organization","@id":"https:\/\/okomeds.com\/#organization","name":"Okodia","url":"https:\/\/okomeds.com\/","logo":{"@type":"ImageObject","inLanguage":"es","@id":"https:\/\/okomeds.com\/#\/schema\/logo\/image\/","url":"https:\/\/okomeds.com\/wp-content\/uploads\/2015\/12\/logo-okomeds.png","contentUrl":"https:\/\/okomeds.com\/wp-content\/uploads\/2015\/12\/logo-okomeds.png","width":300,"height":77,"caption":"Okodia"},"image":{"@id":"https:\/\/okomeds.com\/#\/schema\/logo\/image\/"},"sameAs":["https:\/\/www.facebook.com\/okomeds","https:\/\/x.com\/okomeds","https:\/\/www.linkedin.com\/company\/okomeds"]}]}},"_links":{"self":[{"href":"https:\/\/okomeds.com\/es\/wp-json\/wp\/v2\/pages\/8884","targetHints":{"allow":["GET"]}}],"collection":[{"href":"https:\/\/okomeds.com\/es\/wp-json\/wp\/v2\/pages"}],"about":[{"href":"https:\/\/okomeds.com\/es\/wp-json\/wp\/v2\/types\/page"}],"author":[{"embeddable":true,"href":"https:\/\/okomeds.com\/es\/wp-json\/wp\/v2\/users\/3"}],"replies":[{"embeddable":true,"href":"https:\/\/okomeds.com\/es\/wp-json\/wp\/v2\/comments?post=8884"}],"version-history":[{"count":20,"href":"https:\/\/okomeds.com\/es\/wp-json\/wp\/v2\/pages\/8884\/revisions"}],"predecessor-version":[{"id":12244,"href":"https:\/\/okomeds.com\/es\/wp-json\/wp\/v2\/pages\/8884\/revisions\/12244"}],"wp:attachment":[{"href":"https:\/\/okomeds.com\/es\/wp-json\/wp\/v2\/media?parent=8884"}],"curies":[{"name":"wp","href":"https:\/\/api.w.org\/{rel}","templated":true}]}}