{"id":8888,"date":"2015-11-16T14:09:46","date_gmt":"2015-11-16T13:09:46","guid":{"rendered":"http:\/\/okomeds.com\/es\/?page_id=8888"},"modified":"2021-05-03T12:38:47","modified_gmt":"2021-05-03T10:38:47","slug":"traductor-veterinario","status":"publish","type":"page","link":"https:\/\/okomeds.com\/es\/traductor-veterinario\/","title":{"rendered":"Traductores veterinarios online"},"content":{"rendered":"<section class=\"wpb-content-wrapper\"><p>[vc_row css_animation=\u00bb\u00bb row_type=\u00bbrow\u00bb use_row_as_full_screen_section=\u00bbno\u00bb type=\u00bbfull_width\u00bb angled_section=\u00bbno\u00bb text_align=\u00bbleft\u00bb background_image_as_pattern=\u00bbwithout_pattern\u00bb css=\u00bb.vc_custom_1443779444256{background-position: center !important;background-repeat: no-repeat !important;background-size: cover !important;}\u00bb][vc_column][vc_empty_space height=\u00bb35px\u00bb][vc_row_inner row_type=\u00bbrow\u00bb type=\u00bbfull_width\u00bb text_align=\u00bbleft\u00bb css_animation=\u00bb\u00bb][vc_column_inner width=\u00bb1\/3&#8243; css=\u00bb.vc_custom_1444128534975{padding-top: 25px !important;}\u00bb][vc_single_image image=\u00bb887&#8243; img_size=\u00bbfull\u00bb qode_css_animation=\u00bb\u00bb][\/vc_column_inner][vc_column_inner width=\u00bb2\/3&#8243;][vc_column_text]<\/p>\n<p style=\"text-align: justify;\"><span style=\"font-weight: 400;\">La <a href=\"https:\/\/okomeds.com\/es\/\">traducci\u00f3n m\u00e9dica<\/a> es una de las parcelas m\u00e1s importantes de la traducci\u00f3n profesional. Por todo lo que implica. Y es que la traducci\u00f3n en medicina permite compartir datos de investigaciones en distintos pa\u00edses y una buena comunicaci\u00f3n entre m\u00e9dico y paciente, entre otras cuestiones. Dentro de la traducci\u00f3n m\u00e9dica hay muchos profesionales que se encargan de secciones diferentes. \u00bfSabes a qu\u00e9 se dedica un <\/span><b>traductor veterinario<\/b><span style=\"font-weight: 400;\">?<\/span><\/p>\n<p>&nbsp;<\/p>\n<p style=\"text-align: justify;\"><span style=\"font-weight: 400;\">Al igual que un veterinario es el profesional que cuida de la salud de los animales, la <\/span><b>traducci\u00f3n veterinaria <\/b><span style=\"font-weight: 400;\">es un \u00e1rea de la traducci\u00f3n m\u00e9dica que se encarga de realizar la traducci\u00f3n correspondiente de todo lo que tiene que ver con la medicina de los animales.\u00a0<\/span><\/p>\n<p>[\/vc_column_text][\/vc_column_inner][\/vc_row_inner][vc_empty_space height=\u00bb35px\u00bb][vc_column_text]<\/p>\n<div id=\"ez-toc-container\" class=\"ez-toc-v2_0_81 counter-hierarchy ez-toc-counter ez-toc-grey ez-toc-container-direction\">\n<div class=\"ez-toc-title-container\">\n<p class=\"ez-toc-title\" style=\"cursor:inherit\">Table of Contents<\/p>\n<span class=\"ez-toc-title-toggle\"><a href=\"#\" class=\"ez-toc-pull-right ez-toc-btn ez-toc-btn-xs ez-toc-btn-default ez-toc-toggle\" aria-label=\"Alternar tabla de contenidos\"><span class=\"ez-toc-js-icon-con\"><span class=\"\"><span class=\"eztoc-hide\" style=\"display:none;\">Toggle<\/span><span class=\"ez-toc-icon-toggle-span\"><svg style=\"fill: #999;color:#999\" xmlns=\"http:\/\/www.w3.org\/2000\/svg\" class=\"list-377408\" width=\"20px\" height=\"20px\" viewBox=\"0 0 24 24\" fill=\"none\"><path d=\"M6 6H4v2h2V6zm14 0H8v2h12V6zM4 11h2v2H4v-2zm16 0H8v2h12v-2zM4 16h2v2H4v-2zm16 0H8v2h12v-2z\" fill=\"currentColor\"><\/path><\/svg><svg style=\"fill: #999;color:#999\" class=\"arrow-unsorted-368013\" xmlns=\"http:\/\/www.w3.org\/2000\/svg\" width=\"10px\" height=\"10px\" viewBox=\"0 0 24 24\" version=\"1.2\" baseProfile=\"tiny\"><path d=\"M18.2 9.3l-6.2-6.3-6.2 6.3c-.2.2-.3.4-.3.7s.1.5.3.7c.2.2.4.3.7.3h11c.3 0 .5-.1.7-.3.2-.2.3-.5.3-.7s-.1-.5-.3-.7zM5.8 14.7l6.2 6.3 6.2-6.3c.2-.2.3-.5.3-.7s-.1-.5-.3-.7c-.2-.2-.4-.3-.7-.3h-11c-.3 0-.5.1-.7.3-.2.2-.3.5-.3.7s.1.5.3.7z\"\/><\/svg><\/span><\/span><\/span><\/a><\/span><\/div>\n<nav><ul class='ez-toc-list ez-toc-list-level-1 ' ><li class='ez-toc-page-1 ez-toc-heading-level-2'><a class=\"ez-toc-link ez-toc-heading-1\" href=\"https:\/\/okomeds.com\/es\/traductor-veterinario\/#La_labor_veterinaria_del_traductor\" >La labor veterinaria del traductor<\/a><\/li><li class='ez-toc-page-1 ez-toc-heading-level-2'><a class=\"ez-toc-link ez-toc-heading-2\" href=\"https:\/\/okomeds.com\/es\/traductor-veterinario\/#Traduccion_veterinaria_para_todo_tipo_de_animales\" >Traducci\u00f3n veterinaria para todo tipo de animales<\/a><\/li><li class='ez-toc-page-1 ez-toc-heading-level-2'><a class=\"ez-toc-link ez-toc-heading-3\" href=\"https:\/\/okomeds.com\/es\/traductor-veterinario\/#Tipos_de_traduccion_veterinaria\" >Tipos de traducci\u00f3n veterinaria<\/a><\/li><li class='ez-toc-page-1 ez-toc-heading-level-2'><a class=\"ez-toc-link ez-toc-heading-4\" href=\"https:\/\/okomeds.com\/es\/traductor-veterinario\/#Traduccion_veterinaria_de_calidad\" >Traducci\u00f3n veterinaria de calidad<\/a><ul class='ez-toc-list-level-3' ><li class='ez-toc-heading-level-3'><a class=\"ez-toc-link ez-toc-heading-5\" href=\"https:\/\/okomeds.com\/es\/traductor-veterinario\/#%C2%BFEn_que_idiomas_puede_trabajar_tu_proximo_traductor_veterinario\" >\u00bfEn qu\u00e9 idiomas puede trabajar tu pr\u00f3ximo traductor veterinario?<\/a><\/li><\/ul><\/li><\/ul><\/nav><\/div>\n<h2 style=\"text-align: justify;\"><span class=\"ez-toc-section\" id=\"La_labor_veterinaria_del_traductor\"><\/span><strong>La labor veterinaria del traductor<\/strong><span class=\"ez-toc-section-end\"><\/span><\/h2>\n<p>&nbsp;<\/p>\n<p style=\"text-align: justify;\"><span style=\"font-weight: 400;\">\u00bfY de qu\u00e9 se ocupa realmente el <\/span><b>traductor veterinario<\/b><span style=\"font-weight: 400;\">? Seguro que te est\u00e1s haciendo esta pregunta, teniendo en cuenta que pensabas que un traductor m\u00e9dico era el que se ocupaba de este \u00e1mbito de actuaci\u00f3n.\u00a0<\/span><\/p>\n<p>&nbsp;<\/p>\n<p style=\"text-align: justify;\"><span style=\"font-weight: 400;\">Pues bien, la labor de la traducci\u00f3n veterinaria se circunscribe en la <strong>p<\/strong><\/span><b>revenci\u00f3n, diagn\u00f3stico y tratamiento de enfermedades en los animales<\/b><span style=\"font-weight: 400;\">. Y es que puede darse el caso de que el veterinario requiera de la <a href=\"https:\/\/okomeds.com\/es\/traduccion-para-cro\/\">traducci\u00f3n de informes cl\u00ednicos<\/a> de animales o de investigaciones que se est\u00e1n llevando a cabo en otros pa\u00edses por lo que necesita de una mano experta que transfiera los estudios de investigadores extranjeros a otro idioma.\u00a0<\/span><\/p>\n<p>&nbsp;<\/p>\n<p style=\"text-align: justify;\"><span style=\"font-weight: 400;\">Aparte de eso, el traductor veterinario tambi\u00e9n se ocupa de la<\/span><b> inspecci\u00f3n y control sanitario de alimentos y de la prevenci\u00f3n de la zoonosis.\u00a0<\/b><\/p>\n<p>&nbsp;<\/p>\n<p style=\"text-align: justify;\"><span style=\"font-weight: 400;\">El crecimiento exponencial de la medicina veterinaria en los \u00faltimos a\u00f1os gracias a los avances t\u00e9cnicos y tecnol\u00f3gicos ha hecho necesario la <\/span><b>traducci\u00f3n multiling\u00fce <\/b><span style=\"font-weight: 400;\">de numerosa documentaci\u00f3n especializada, especialmente en los sectores agroindustrial y ganadero y en el \u00e1mbito de control sanitario.<\/span><\/p>\n<p>[\/vc_column_text][vc_empty_space height=\u00bb35px\u00bb][vc_column_text]<\/p>\n<h2><\/h2>\n<h2 style=\"text-align: justify;\"><span class=\"ez-toc-section\" id=\"Traduccion_veterinaria_para_todo_tipo_de_animales\"><\/span><strong>Traducci\u00f3n veterinaria para todo tipo de animales<\/strong><span class=\"ez-toc-section-end\"><\/span><\/h2>\n<p>&nbsp;<\/p>\n<p style=\"text-align: justify;\"><span style=\"font-weight: 400;\">La traducci\u00f3n veterinaria <\/span><b>se centra en todo tipo de animales<\/b><span style=\"font-weight: 400;\">, ya sean dom\u00e9sticos, salvajes, de experimentaci\u00f3n y de producci\u00f3n.<\/span><\/p>\n<p>&nbsp;<\/p>\n<p style=\"text-align: justify;\"><span style=\"font-weight: 400;\">Entre las funciones de estos <a href=\"https:\/\/okomeds.com\/es\/traductor-medico\/\">traductores medicos especializados<\/a> en veterinaria, destacan la labor de diagnosis, medicina, nutrici\u00f3n animal y equipamiento y gen\u00e9tica.\u00a0<\/span><\/p>\n<p>[\/vc_column_text][vc_empty_space height=\u00bb35px\u00bb][vc_column_text]<\/p>\n<h2><\/h2>\n<h2 style=\"text-align: justify;\"><span class=\"ez-toc-section\" id=\"Tipos_de_traduccion_veterinaria\"><\/span><strong>Tipos de traducci\u00f3n veterinaria<\/strong><span class=\"ez-toc-section-end\"><\/span><\/h2>\n<ul style=\"text-align: justify;\">\n<li style=\"font-weight: 400;\"><span style=\"font-weight: 400;\">Traducci\u00f3n veterinaria de programas sanitarios para asegurar la inocuidad alimentaria<\/span><\/li>\n<li style=\"font-weight: 400;\"><span style=\"font-weight: 400;\">Traducciones de pol\u00edticas sanitarias, an\u00e1lisis de riesgos y documentaci\u00f3n relativa a la identificaci\u00f3n del ganado<\/span><\/li>\n<li style=\"font-weight: 400;\"><span style=\"font-weight: 400;\">Traducciones de documentaci\u00f3n destinada a la tipificaci\u00f3n y comercializaci\u00f3n de productos de origen animal<\/span><\/li>\n<li style=\"font-weight: 400;\"><span style=\"font-weight: 400;\">Traducciones de certificados de obtenci\u00f3n de productos ganaderos y agroalimentarios destinados al consumo humano o animal<\/span><\/li>\n<li style=\"font-weight: 400;\"><span style=\"font-weight: 400;\">Traducci\u00f3n veterinaria especializada en\u00a0 traducciones de contratos y memorias econ\u00f3micas de \u00e1mbito veterinario destinadas a los mercados locales.<\/span><\/li>\n<\/ul>\n<p>&nbsp;<\/p>\n<p style=\"text-align: justify;\"><span style=\"font-weight: 400;\">Los profesionales deben <\/span><b>traducir material de comunicaci\u00f3n y documentaci\u00f3n t\u00e9cnica<\/b><span style=\"font-weight: 400;\"> de analizadores y pruebas de diagn\u00f3stico para animales de compa\u00f1\u00eda y de producci\u00f3n. A su vez se ocupan de transponer en otro idioma material de comunicaci\u00f3n y documentaci\u00f3n t\u00e9cnica, esto es, los registros de f\u00e1rmacos y vacunas para animales de compa\u00f1\u00eda, caballos, rumiantes, porcino, avicultura y acuicultura.\u00a0<\/span><\/p>\n<p>&nbsp;<\/p>\n<p style=\"text-align: justify;\"><span style=\"font-weight: 400;\">Por otro lado, el traductor veterinario tambi\u00e9n se encarga de la traducci\u00f3n de los <\/span><b>elementos nutritivos que necesitan los animales<\/b><span style=\"font-weight: 400;\"> como del pienso y alimento completo y complementario, correctores y premezclas, aditivos.\u00a0<\/span><\/p>\n<p>&nbsp;<\/p>\n<p style=\"text-align: justify;\"><span style=\"font-weight: 400;\">Asimismo, a nivel gen\u00e9tico los traductores veterinarios tambi\u00e9n influyen en la<\/span><b> mejora y selecci\u00f3n gen\u00e9tica, <\/b><span style=\"font-weight: 400;\">tecnolog\u00eda para la inseminaci\u00f3n artificial, sistemas de orde\u00f1o, automatismos para plantas de incubaci\u00f3n, material agropecuario (comederos, bebederos), maquinaria (mezcladoras) y gesti\u00f3n medioambiental.<\/span><\/p>\n<p>&nbsp;<\/p>\n<p style=\"text-align: justify;\"><span style=\"font-weight: 400;\">En definitiva, en veterinaria el traductor realiza una<\/span><b> gesti\u00f3n integral del idioma<\/b><span style=\"font-weight: 400;\"> de cualquier investigaci\u00f3n y gesti\u00f3n que el veterinario o el especialista deba realizar.\u00a0<\/span><\/p>\n<p>[\/vc_column_text][vc_empty_space height=\u00bb35px\u00bb][vc_column_text]<\/p>\n<h2><\/h2>\n<h2 style=\"text-align: justify;\"><span class=\"ez-toc-section\" id=\"Traduccion_veterinaria_de_calidad\"><\/span><strong>Traducci\u00f3n veterinaria de calidad<\/strong><span class=\"ez-toc-section-end\"><\/span><\/h2>\n<p>&nbsp;<\/p>\n<p style=\"text-align: justify;\"><span style=\"font-weight: 400;\">\u00bfC\u00f3mo encontrar un traductor veterinario de calidad? Muy f\u00e1cil. En Okomeds ponemos a tu disposici\u00f3n a los mejores profesionales en traducci\u00f3n veterinaria.\u00a0<\/span><\/p>\n<p>&nbsp;<\/p>\n<p style=\"text-align: justify;\"><span style=\"font-weight: 400;\">Nuestra<\/span><a href=\"https:\/\/okomeds.com\/es\/\"><span style=\"font-weight: 400;\"> agencia de traducci\u00f3n m\u00e9dica<\/span><\/a><span style=\"font-weight: 400;\"> dispone de una red exclusiva de traductores veterinarios especializados en las diferentes ramas de medicina veterin<\/span><span style=\"font-weight: 400;\">aria, como psicopatolog\u00eda comportamental, farmacolog\u00eda y toxicolog\u00eda veterinaria, parasitolog\u00eda, reproducci\u00f3n animal, etc.\u00a0<\/span><\/p>\n<p>&nbsp;<\/p>\n<p style=\"text-align: justify;\"><span style=\"font-weight: 400;\">Desde <\/span><span style=\"font-weight: 400;\">Okomeds <\/span><span style=\"font-weight: 400;\">te ofrecemos un servicio de traducci\u00f3n multiling\u00fce de alta calidad para que puedas cumplir con los requisitos de cada pa\u00eds y as\u00ed aumentar tus beneficios y fortalecer tu imagen y marca.<\/span><\/p>\n<p>&nbsp;<\/p>\n<p style=\"text-align: justify;\"><span style=\"font-weight: 400;\">Todos nuestros traductores veterinarios son especialistas en este \u00e1mbito de la medicina por lo que proveen de una traducci\u00f3n de calidad.\u00a0 Trabajamos en m\u00e1s de un centenar de idiomas y dialectos diferentes, cubriendo todos los principales mercados de investigaci\u00f3n veterinaria.\u00a0<\/span><\/p>\n<p>&nbsp;<\/p>\n<p style=\"text-align: justify;\"><span style=\"font-weight: 400;\">Una vez se recibe el encargo,<\/span><b> seleccionamos al mejor traductor veterinario <\/b><span style=\"font-weight: 400;\">para llevar a cabo el encargo de traducci\u00f3n en funci\u00f3n del idioma solicitado. Una vez el traductor entrega el trabajo, el proyecto lo revisa otro traductor de cara a entregar un documento de la m\u00e1xima calidad.\u00a0<\/span><\/p>\n<p>&nbsp;<\/p>\n<p style=\"text-align: justify;\"><span style=\"font-weight: 400;\">Asimismo, nuestra agencia de traducci\u00f3n m\u00e9dica entiende la naturaleza sensible de los documentos veterinarios, por lo que\u00a0 tenemos medidas establecidas para garantizar todo el cumplimiento necesario de las <\/span><b>normas de confidencialidad.\u00a0<\/b><\/p>\n<p>&nbsp;<\/p>\n<p style=\"text-align: justify;\"><span style=\"font-weight: 400;\">As\u00ed que si necesitas los servicios de un traductor veterinario, \u00a1consultanos! En <\/span><span style=\"font-weight: 400;\">Okomeds <\/span><span style=\"font-weight: 400;\">te daremos todas las facilidades para conseguir una traducci\u00f3n veterinaria de calidad.<\/span><\/p>\n<p>[\/vc_column_text][vc_row_inner row_type=\u00bbrow\u00bb type=\u00bbfull_width\u00bb text_align=\u00bbleft\u00bb css_animation=\u00bb\u00bb][vc_column_inner width=\u00bb1\/4&#8243;]<br \/>\n[\/vc_column_inner][vc_column_inner width=\u00bb1\/2&#8243; css=\u00bb.vc_custom_1443792879316{background-position: center !important;background-repeat: no-repeat !important;background-size: contain !important;}\u00bb][vc_raw_html]JTNDYSUyMGhyZWYlM0QlMjIlMjNuaW5qYS1wb3B1cC04OTQ1JTIyJTNFJTNDaW1nJTIwc3R5bGUlM0QlMjJtYXJnaW4tbGVmdCUzQTcycHglM0IlMjIlMjBzcmMlM0QlMjJodHRwcyUzQSUyRiUyRm9rb21lZHMuY29tJTJGd3AtY29udGVudCUyRnVwbG9hZHMlMkYyMDE1JTJGMTAlMkZzb2xpY2l0YXItcHJlc3VwdWVzdG8ucG5nJTIyJTIwYWx0JTNEJTIyc29saWNpdGFyJTIwcHJlc3VwdWVzdG8lMjBkZSUyMHRyYWR1Y2NpJUMzJUIzbiUyMG0lQzMlQTlkaWNhJTIwZ3JhdGlzJTIyJTIwaGVpZ2h0JTNEJTIyMzUlMjIlMjB3aWR0aCUzRCUyMjE5MCUyMiUzRSUzQyUyRmElM0U=[\/vc_raw_html][\/vc_column_inner][vc_column_inner width=\u00bb1\/4&#8243;]<br \/>\n[\/vc_column_inner][\/vc_row_inner][vc_empty_space height=\u00bb35px\u00bb][vc_row_inner row_type=\u00bbrow\u00bb type=\u00bbfull_width\u00bb text_align=\u00bbleft\u00bb css_animation=\u00bb\u00bb][vc_column_inner width=\u00bb1\/6&#8243;]<br \/>\n[\/vc_column_inner][vc_column_inner el_class=\u00bbborder-paginterna\u00bb width=\u00bb2\/3&#8243; css=\u00bb.vc_custom_1444133717486{padding-top: 10px !important;padding-right: 10px !important;padding-bottom: 10px !important;padding-left: 10px !important;}\u00bb][vc_column_text]<\/p>\n<h3 style=\"text-align: center;\"><span class=\"ez-toc-section\" id=\"%C2%BFEn_que_idiomas_puede_trabajar_tu_proximo_traductor_veterinario\"><\/span>\u00bfEn qu\u00e9 idiomas puede trabajar tu pr\u00f3ximo traductor veterinario?<span class=\"ez-toc-section-end\"><\/span><\/h3>\n<p style=\"text-align: center;\">ingl\u00e9s \u2013 franc\u00e9s \u2013 espa\u00f1ol \u2013 italiano \u2013 portugu\u00e9s \u2013 catal\u00e1n \u2013 alem\u00e1n \u2013 neerland\u00e9s \u2013 estonio \u2013 lituano \u2013 let\u00f3n \u2013 irland\u00e9s \u2013 japon\u00e9s \u2013 ruso \u2013 polaco \u2013 \u00e1rabe \u2013 chino \u2013 eslovaco \u2013 esloveno \u2013 checo \u2013 croata \u2013 rumano \u2013 h\u00fangaro \u2013 turco \u2013 hebreo \u2013 griego \u2013 malt\u00e9s \u2013 serbio \u2013 ucraniano \u2013 bielorruso \u2013 b\u00falgaro \u2013 euskera \u2013 gallego \u2013 lat\u00edn \u2013 esperanto \u2013 dan\u00e9s \u2013 sueco \u2013 noruego \u2013 island\u00e9s \u2013 fin\u00e9s \u2013 persa \u2013 urdu \u2013 tailand\u00e9s \u2013 guaran\u00ed \u2013 quechua \u2013 aymara<\/p>\n<p>[\/vc_column_text][\/vc_column_inner][vc_column_inner width=\u00bb1\/6&#8243;]<br \/>\n[\/vc_column_inner][\/vc_row_inner][vc_empty_space height=\u00bb45px\u00bb][vc_column_text]<script type=\"application\/ld+json\">\n{\n  \"@context\": \"https:\/\/schema.org\/\", \n  \"@type\": \"Product\", \n  \"name\": \"Traducciones veterinarias\",\n  \"image\": \"https:\/\/okomeds.com\/wp-content\/uploads\/2015\/09\/xlogo-300x77.png\",\n  \"description\": \"\u00bfNecesitas un traductor veterinario profesional? En Okomeds hacemos traducciones veterinarias de todo el tipo de productos e informes.\",\n  \"brand\": \"Okomeds - Traducciones Medicas Certificadas\",\n  \"category\": \"Service\",\n  \"sku\": \"traducciones-veterinarias\",\n  \"offers\": {\n    \"@type\": \"Offer\",\n    \"url\": \"https:\/\/okomeds.com\/es\/traductor-veterinario\/\",\n    \"priceCurrency\": \"EUR\",\n    \"price\": \"150\",\n    \"priceValidUntil\": \"2026-12-31\",\n    \"availability\": \"https:\/\/schema.org\/InStock\",\n    \"itemCondition\": \"https:\/\/schema.org\/NewCondition\"\n  }\n}\n<\/script>[\/vc_column_text][\/vc_column][\/vc_row]<\/p>\n<\/section>","protected":false},"excerpt":{"rendered":"<p>[vc_row css_animation=\u00bb\u00bb row_type=\u00bbrow\u00bb use_row_as_full_screen_section=\u00bbno\u00bb type=\u00bbfull_width\u00bb angled_section=\u00bbno\u00bb text_align=\u00bbleft\u00bb background_image_as_pattern=\u00bbwithout_pattern\u00bb css=\u00bb.vc_custom_1443779444256{background-position: center !important;background-repeat: no-repeat !important;background-size: cover !important;}\u00bb][vc_column][vc_empty_space height=\u00bb35px\u00bb][vc_row_inner row_type=\u00bbrow\u00bb type=\u00bbfull_width\u00bb text_align=\u00bbleft\u00bb css_animation=\u00bb\u00bb][vc_column_inner width=\u00bb1\/3&#8243; css=\u00bb.vc_custom_1444128534975{padding-top: 25px !important;}\u00bb][vc_single_image image=\u00bb887&#8243; img_size=\u00bbfull\u00bb qode_css_animation=\u00bb\u00bb][\/vc_column_inner][vc_column_inner width=\u00bb2\/3&#8243;][vc_column_text] La traducci\u00f3n m\u00e9dica es una de las parcelas m\u00e1s importantes de la traducci\u00f3n profesional. Por todo lo&#8230;<\/p>\n","protected":false},"author":3,"featured_media":0,"parent":0,"menu_order":10,"comment_status":"open","ping_status":"closed","template":"","meta":{"_acf_changed":false,"footnotes":""},"class_list":["post-8888","page","type-page","status-publish","hentry"],"acf":[],"yoast_head":"<!-- This site is optimized with the Yoast SEO plugin v27.1.1 - https:\/\/yoast.com\/product\/yoast-seo-wordpress\/ -->\n<title>Traductor veterinario y traducci\u00f3n veterinaria - Okomeds<\/title>\n<meta name=\"description\" content=\"\u00bfNecesitas un traductor veterinario profesional? En Okomeds hacemos traducciones veterinarias de todo el tipo de productos e informes.\" \/>\n<meta name=\"robots\" content=\"index, follow, max-snippet:-1, max-image-preview:large, max-video-preview:-1\" \/>\n<link rel=\"canonical\" href=\"https:\/\/okomeds.com\/veterinary-translation\/\" \/>\n<meta property=\"og:locale\" content=\"es_ES\" \/>\n<meta property=\"og:type\" content=\"article\" \/>\n<meta property=\"og:title\" content=\"Traductor veterinario y traducci\u00f3n veterinaria - Okomeds\" \/>\n<meta property=\"og:description\" content=\"\u00bfNecesitas un traductor veterinario profesional? En Okomeds hacemos traducciones veterinarias de todo el tipo de productos e informes.\" \/>\n<meta property=\"og:url\" content=\"https:\/\/okomeds.com\/veterinary-translation\/\" \/>\n<meta property=\"og:site_name\" content=\"Okomeds\" \/>\n<meta property=\"article:publisher\" content=\"https:\/\/www.facebook.com\/okomeds\" \/>\n<meta property=\"article:modified_time\" content=\"2021-05-03T10:38:47+00:00\" \/>\n<meta name=\"twitter:card\" content=\"summary_large_image\" \/>\n<meta name=\"twitter:site\" content=\"@okomeds\" \/>\n<meta name=\"twitter:label1\" content=\"Tiempo de lectura\" \/>\n\t<meta name=\"twitter:data1\" content=\"7 minutos\" \/>\n<script type=\"application\/ld+json\" class=\"yoast-schema-graph\">{\"@context\":\"https:\/\/schema.org\",\"@graph\":[{\"@type\":\"WebPage\",\"@id\":\"https:\/\/okomeds.com\/veterinary-translation\/\",\"url\":\"https:\/\/okomeds.com\/veterinary-translation\/\",\"name\":\"Traductor veterinario y traducci\u00f3n veterinaria - Okomeds\",\"isPartOf\":{\"@id\":\"https:\/\/okomeds.com\/#website\"},\"datePublished\":\"2015-11-16T13:09:46+00:00\",\"dateModified\":\"2021-05-03T10:38:47+00:00\",\"description\":\"\u00bfNecesitas un traductor veterinario profesional? En Okomeds hacemos traducciones veterinarias de todo el tipo de productos e informes.\",\"breadcrumb\":{\"@id\":\"https:\/\/okomeds.com\/veterinary-translation\/#breadcrumb\"},\"inLanguage\":\"es\",\"potentialAction\":[{\"@type\":\"ReadAction\",\"target\":[\"https:\/\/okomeds.com\/veterinary-translation\/\"]}]},{\"@type\":\"BreadcrumbList\",\"@id\":\"https:\/\/okomeds.com\/veterinary-translation\/#breadcrumb\",\"itemListElement\":[{\"@type\":\"ListItem\",\"position\":1,\"name\":\"Home\",\"item\":\"https:\/\/okomeds.com\/es\/inicio-2-2\/\"},{\"@type\":\"ListItem\",\"position\":2,\"name\":\"Traductores veterinarios online\"}]},{\"@type\":\"WebSite\",\"@id\":\"https:\/\/okomeds.com\/#website\",\"url\":\"https:\/\/okomeds.com\/\",\"name\":\"Okomeds\",\"description\":\"Agencia de traducci\u00f3n m\u00e9dica y de salud\",\"publisher\":{\"@id\":\"https:\/\/okomeds.com\/#organization\"},\"potentialAction\":[{\"@type\":\"SearchAction\",\"target\":{\"@type\":\"EntryPoint\",\"urlTemplate\":\"https:\/\/okomeds.com\/?s={search_term_string}\"},\"query-input\":{\"@type\":\"PropertyValueSpecification\",\"valueRequired\":true,\"valueName\":\"search_term_string\"}}],\"inLanguage\":\"es\"},{\"@type\":\"Organization\",\"@id\":\"https:\/\/okomeds.com\/#organization\",\"name\":\"Okodia\",\"url\":\"https:\/\/okomeds.com\/\",\"logo\":{\"@type\":\"ImageObject\",\"inLanguage\":\"es\",\"@id\":\"https:\/\/okomeds.com\/#\/schema\/logo\/image\/\",\"url\":\"https:\/\/okomeds.com\/wp-content\/uploads\/2015\/12\/logo-okomeds.png\",\"contentUrl\":\"https:\/\/okomeds.com\/wp-content\/uploads\/2015\/12\/logo-okomeds.png\",\"width\":300,\"height\":77,\"caption\":\"Okodia\"},\"image\":{\"@id\":\"https:\/\/okomeds.com\/#\/schema\/logo\/image\/\"},\"sameAs\":[\"https:\/\/www.facebook.com\/okomeds\",\"https:\/\/x.com\/okomeds\",\"https:\/\/www.linkedin.com\/company\/okomeds\"]}]}<\/script>\n<!-- \/ Yoast SEO plugin. -->","yoast_head_json":{"title":"Traductor veterinario y traducci\u00f3n veterinaria - Okomeds","description":"\u00bfNecesitas un traductor veterinario profesional? En Okomeds hacemos traducciones veterinarias de todo el tipo de productos e informes.","robots":{"index":"index","follow":"follow","max-snippet":"max-snippet:-1","max-image-preview":"max-image-preview:large","max-video-preview":"max-video-preview:-1"},"canonical":"https:\/\/okomeds.com\/veterinary-translation\/","og_locale":"es_ES","og_type":"article","og_title":"Traductor veterinario y traducci\u00f3n veterinaria - Okomeds","og_description":"\u00bfNecesitas un traductor veterinario profesional? En Okomeds hacemos traducciones veterinarias de todo el tipo de productos e informes.","og_url":"https:\/\/okomeds.com\/veterinary-translation\/","og_site_name":"Okomeds","article_publisher":"https:\/\/www.facebook.com\/okomeds","article_modified_time":"2021-05-03T10:38:47+00:00","twitter_card":"summary_large_image","twitter_site":"@okomeds","twitter_misc":{"Tiempo de lectura":"7 minutos"},"schema":{"@context":"https:\/\/schema.org","@graph":[{"@type":"WebPage","@id":"https:\/\/okomeds.com\/veterinary-translation\/","url":"https:\/\/okomeds.com\/veterinary-translation\/","name":"Traductor veterinario y traducci\u00f3n veterinaria - Okomeds","isPartOf":{"@id":"https:\/\/okomeds.com\/#website"},"datePublished":"2015-11-16T13:09:46+00:00","dateModified":"2021-05-03T10:38:47+00:00","description":"\u00bfNecesitas un traductor veterinario profesional? En Okomeds hacemos traducciones veterinarias de todo el tipo de productos e informes.","breadcrumb":{"@id":"https:\/\/okomeds.com\/veterinary-translation\/#breadcrumb"},"inLanguage":"es","potentialAction":[{"@type":"ReadAction","target":["https:\/\/okomeds.com\/veterinary-translation\/"]}]},{"@type":"BreadcrumbList","@id":"https:\/\/okomeds.com\/veterinary-translation\/#breadcrumb","itemListElement":[{"@type":"ListItem","position":1,"name":"Home","item":"https:\/\/okomeds.com\/es\/inicio-2-2\/"},{"@type":"ListItem","position":2,"name":"Traductores veterinarios online"}]},{"@type":"WebSite","@id":"https:\/\/okomeds.com\/#website","url":"https:\/\/okomeds.com\/","name":"Okomeds","description":"Agencia de traducci\u00f3n m\u00e9dica y de salud","publisher":{"@id":"https:\/\/okomeds.com\/#organization"},"potentialAction":[{"@type":"SearchAction","target":{"@type":"EntryPoint","urlTemplate":"https:\/\/okomeds.com\/?s={search_term_string}"},"query-input":{"@type":"PropertyValueSpecification","valueRequired":true,"valueName":"search_term_string"}}],"inLanguage":"es"},{"@type":"Organization","@id":"https:\/\/okomeds.com\/#organization","name":"Okodia","url":"https:\/\/okomeds.com\/","logo":{"@type":"ImageObject","inLanguage":"es","@id":"https:\/\/okomeds.com\/#\/schema\/logo\/image\/","url":"https:\/\/okomeds.com\/wp-content\/uploads\/2015\/12\/logo-okomeds.png","contentUrl":"https:\/\/okomeds.com\/wp-content\/uploads\/2015\/12\/logo-okomeds.png","width":300,"height":77,"caption":"Okodia"},"image":{"@id":"https:\/\/okomeds.com\/#\/schema\/logo\/image\/"},"sameAs":["https:\/\/www.facebook.com\/okomeds","https:\/\/x.com\/okomeds","https:\/\/www.linkedin.com\/company\/okomeds"]}]}},"_links":{"self":[{"href":"https:\/\/okomeds.com\/es\/wp-json\/wp\/v2\/pages\/8888","targetHints":{"allow":["GET"]}}],"collection":[{"href":"https:\/\/okomeds.com\/es\/wp-json\/wp\/v2\/pages"}],"about":[{"href":"https:\/\/okomeds.com\/es\/wp-json\/wp\/v2\/types\/page"}],"author":[{"embeddable":true,"href":"https:\/\/okomeds.com\/es\/wp-json\/wp\/v2\/users\/3"}],"replies":[{"embeddable":true,"href":"https:\/\/okomeds.com\/es\/wp-json\/wp\/v2\/comments?post=8888"}],"version-history":[{"count":26,"href":"https:\/\/okomeds.com\/es\/wp-json\/wp\/v2\/pages\/8888\/revisions"}],"predecessor-version":[{"id":11986,"href":"https:\/\/okomeds.com\/es\/wp-json\/wp\/v2\/pages\/8888\/revisions\/11986"}],"wp:attachment":[{"href":"https:\/\/okomeds.com\/es\/wp-json\/wp\/v2\/media?parent=8888"}],"curies":[{"name":"wp","href":"https:\/\/api.w.org\/{rel}","templated":true}]}}