{"id":8889,"date":"2015-11-16T14:12:39","date_gmt":"2015-11-16T13:12:39","guid":{"rendered":"http:\/\/okomeds.com\/es\/?page_id=8889"},"modified":"2021-05-03T12:40:14","modified_gmt":"2021-05-03T10:40:14","slug":"traduccion-paginas-web-medicina","status":"publish","type":"page","link":"https:\/\/okomeds.com\/es\/traduccion-paginas-web-medicina\/","title":{"rendered":"Traducci\u00f3n de p\u00e1ginas web de medicina"},"content":{"rendered":"<section class=\"wpb-content-wrapper\"><p>[vc_row css_animation=\u00bb\u00bb row_type=\u00bbrow\u00bb use_row_as_full_screen_section=\u00bbno\u00bb type=\u00bbfull_width\u00bb angled_section=\u00bbno\u00bb text_align=\u00bbleft\u00bb background_image_as_pattern=\u00bbwithout_pattern\u00bb css=\u00bb.vc_custom_1443779444256{background-position: center !important;background-repeat: no-repeat !important;background-size: cover !important;}\u00bb][vc_column][vc_row_inner row_type=\u00bbrow\u00bb type=\u00bbfull_width\u00bb text_align=\u00bbleft\u00bb css_animation=\u00bb\u00bb][vc_column_inner width=\u00bb1\/3&#8243; css=\u00bb.vc_custom_1444128534975{padding-top: 25px !important;}\u00bb][vc_single_image image=\u00bb917&#8243; img_size=\u00bbfull\u00bb qode_css_animation=\u00bb\u00bb][\/vc_column_inner][vc_column_inner width=\u00bb2\/3&#8243;][vc_column_text]<\/p>\n<p style=\"text-align: justify;\">Quien tiene una p\u00e1gina web, tiene un tesoro. Y a todo tesoro hay que cuidarlo. As\u00ed que si te dedicas al mundo de la salud y de la medicina seguro que te gustar\u00e1 tener una web de calidad. La traducci\u00f3n de p\u00e1ginas web de medicina es justo lo que necesitas.<\/p>\n<p>&nbsp;<\/p>\n<div id=\"ez-toc-container\" class=\"ez-toc-v2_0_81 counter-hierarchy ez-toc-counter ez-toc-grey ez-toc-container-direction\">\n<div class=\"ez-toc-title-container\">\n<p class=\"ez-toc-title\" style=\"cursor:inherit\">Table of Contents<\/p>\n<span class=\"ez-toc-title-toggle\"><a href=\"#\" class=\"ez-toc-pull-right ez-toc-btn ez-toc-btn-xs ez-toc-btn-default ez-toc-toggle\" aria-label=\"Alternar tabla de contenidos\"><span class=\"ez-toc-js-icon-con\"><span class=\"\"><span class=\"eztoc-hide\" style=\"display:none;\">Toggle<\/span><span class=\"ez-toc-icon-toggle-span\"><svg style=\"fill: #999;color:#999\" xmlns=\"http:\/\/www.w3.org\/2000\/svg\" class=\"list-377408\" width=\"20px\" height=\"20px\" viewBox=\"0 0 24 24\" fill=\"none\"><path d=\"M6 6H4v2h2V6zm14 0H8v2h12V6zM4 11h2v2H4v-2zm16 0H8v2h12v-2zM4 16h2v2H4v-2zm16 0H8v2h12v-2z\" fill=\"currentColor\"><\/path><\/svg><svg style=\"fill: #999;color:#999\" class=\"arrow-unsorted-368013\" xmlns=\"http:\/\/www.w3.org\/2000\/svg\" width=\"10px\" height=\"10px\" viewBox=\"0 0 24 24\" version=\"1.2\" baseProfile=\"tiny\"><path d=\"M18.2 9.3l-6.2-6.3-6.2 6.3c-.2.2-.3.4-.3.7s.1.5.3.7c.2.2.4.3.7.3h11c.3 0 .5-.1.7-.3.2-.2.3-.5.3-.7s-.1-.5-.3-.7zM5.8 14.7l6.2 6.3 6.2-6.3c.2-.2.3-.5.3-.7s-.1-.5-.3-.7c-.2-.2-.4-.3-.7-.3h-11c-.3 0-.5.1-.7.3-.2.2-.3.5-.3.7s.1.5.3.7z\"\/><\/svg><\/span><\/span><\/span><\/a><\/span><\/div>\n<nav><ul class='ez-toc-list ez-toc-list-level-1 ' ><li class='ez-toc-page-1 ez-toc-heading-level-2'><a class=\"ez-toc-link ez-toc-heading-1\" href=\"https:\/\/okomeds.com\/es\/traduccion-paginas-web-medicina\/#%C2%BFPor_que_Okomeds_para_traducir_tu_web_medica\" >\u00bfPor qu\u00e9 Okomeds para traducir tu web m\u00e9dica?<\/a><\/li><li class='ez-toc-page-1 ez-toc-heading-level-2'><a class=\"ez-toc-link ez-toc-heading-2\" href=\"https:\/\/okomeds.com\/es\/traduccion-paginas-web-medicina\/#Razones_para_recurrir_a_la_traduccion_web_de_medicina\" >Razones para recurrir a la traducci\u00f3n web de medicina<\/a><ul class='ez-toc-list-level-3' ><li class='ez-toc-heading-level-3'><a class=\"ez-toc-link ez-toc-heading-3\" href=\"https:\/\/okomeds.com\/es\/traduccion-paginas-web-medicina\/#1_Aumento_de_la_productividad\" >1. Aumento de la productividad<\/a><\/li><li class='ez-toc-page-1 ez-toc-heading-level-3'><a class=\"ez-toc-link ez-toc-heading-4\" href=\"https:\/\/okomeds.com\/es\/traduccion-paginas-web-medicina\/#2_Ayuda_a_adquirir_nuevos_pacientes\" >2. Ayuda a adquirir nuevos pacientes<\/a><\/li><li class='ez-toc-page-1 ez-toc-heading-level-3'><a class=\"ez-toc-link ez-toc-heading-5\" href=\"https:\/\/okomeds.com\/es\/traduccion-paginas-web-medicina\/#3_Mejores_resultados_de_salud_del_paciente\" >3. Mejores resultados de salud del paciente<\/a><\/li><\/ul><\/li><li class='ez-toc-page-1 ez-toc-heading-level-2'><a class=\"ez-toc-link ez-toc-heading-6\" href=\"https:\/\/okomeds.com\/es\/traduccion-paginas-web-medicina\/#Solucion_integral_de_traduccion_de_paginas_web_de_medicina\" >Soluci\u00f3n integral de traducci\u00f3n de p\u00e1ginas web de medicina<\/a><ul class='ez-toc-list-level-3' ><li class='ez-toc-heading-level-3'><a class=\"ez-toc-link ez-toc-heading-7\" href=\"https:\/\/okomeds.com\/es\/traduccion-paginas-web-medicina\/#%C2%BFEn_que_idiomas_realizamos_traduccion_de_paginas_web_medicas\" >\u00bfEn qu\u00e9 idiomas realizamos traducci\u00f3n de p\u00e1ginas web m\u00e9dicas?<\/a><\/li><\/ul><\/li><\/ul><\/nav><\/div>\n<h2 style=\"text-align: justify;\"><span class=\"ez-toc-section\" id=\"%C2%BFPor_que_Okomeds_para_traducir_tu_web_medica\"><\/span>\u00bfPor qu\u00e9 Okomeds para traducir tu web m\u00e9dica?<span class=\"ez-toc-section-end\"><\/span><\/h2>\n<p>&nbsp;<\/p>\n<p style=\"text-align: justify;\">Gracias a nuestro servicio profesional de <strong>traducci\u00f3n de p\u00e1ginas web de medicina<\/strong>, en la <a href=\"https:\/\/okomeds.com\/es\/\">agencia de traducci\u00f3n m\u00e9dica<\/a> Okomeds te ayudamos con la traducci\u00f3n de los archivos de ayuda m\u00e9dicos y los manuales m\u00e9dicos asociados, as\u00ed como con la traducci\u00f3n de p\u00e1ginas web m\u00e9dicas.<\/p>\n<p>&nbsp;<\/p>\n<p style=\"text-align: justify;\">En Okomeds, gracias a la garant\u00eda de calidad ofrecida por el <a href=\"https:\/\/www.okodia.com\" target=\"_blank\" rel=\"noopener noreferrer\">grupo de traducci\u00f3n Okodia<\/a>, somos conscientes de que todos los pasos en el proceso de creaci\u00f3n de una p\u00e1gina web deben ser igual de importantes; desde su concepci\u00f3n inicial hasta la elecci\u00f3n de im\u00e1genes o la redacci\u00f3n de contenidos en el idioma original y su traducci\u00f3n posterior. Por ese motivo nos esforzamos en cada trabajo como si fuese propio.<\/p>\n<p>[\/vc_column_text][\/vc_column_inner][\/vc_row_inner][vc_empty_space height=\u00bb35px\u00bb][\/vc_column][\/vc_row][vc_row css_animation=\u00bb\u00bb row_type=\u00bbrow\u00bb use_row_as_full_screen_section=\u00bbno\u00bb type=\u00bbfull_width\u00bb angled_section=\u00bbno\u00bb text_align=\u00bbleft\u00bb background_image_as_pattern=\u00bbwithout_pattern\u00bb][vc_column][vc_column_text]<\/p>\n<h2 style=\"text-align: justify;\"><span class=\"ez-toc-section\" id=\"Razones_para_recurrir_a_la_traduccion_web_de_medicina\"><\/span>Razones para recurrir a la traducci\u00f3n web de medicina<span class=\"ez-toc-section-end\"><\/span><\/h2>\n<p>&nbsp;<\/p>\n<p style=\"text-align: justify;\">\u00bfBusca tu empresa expandirse en el mercado mundial de la salud? Si es as\u00ed, la necesidad de comunicarse de manera efectiva con clientes, socios y pacientes internacionales es esencial. Aqu\u00ed es donde entra en juego nuestro servicio de traducci\u00f3n de p\u00e1ginas web de medicina.<\/p>\n<p>&nbsp;<\/p>\n<p style=\"text-align: justify;\">La <a href=\"https:\/\/okomeds.com\/es\/\">traducci\u00f3n m\u00e9dica<\/a> implica traducir varios tipos de documentos como informes de pacientes, hojas de datos de medicamentos, informes de autopsias, informaci\u00f3n de pacientes, etc. .<\/p>\n<p>&nbsp;<\/p>\n<p style=\"text-align: justify;\">Para que tus pacientes y socios extranjeros comprendan claramente tu negocio, es vital romper la barrera del idioma. Los servicios de traducci\u00f3n de p\u00e1ginas web para el cuidado de la salud juegan un papel importante en este sentido.<\/p>\n<p>&nbsp;<\/p>\n<p style=\"text-align: justify;\">Traducir tu sitio web m\u00e9dico a los idiomas que hablen tus pacientes puede beneficiarte de muchas maneras. Entendamos esto en detalle.<\/p>\n<h3><\/h3>\n<p>&nbsp;<\/p>\n<h3 style=\"text-align: justify;\"><span class=\"ez-toc-section\" id=\"1_Aumento_de_la_productividad\"><\/span>1. Aumento de la productividad<span class=\"ez-toc-section-end\"><\/span><\/h3>\n<p>&nbsp;<\/p>\n<p style=\"text-align: justify;\">Tu sitio web ser\u00e1 lo primero que visitar\u00e1n tus clientes o pacientes en busca de una\u00a0 informaci\u00f3n m\u00e9dica clara. Por lo tanto, debe traducirse con precisi\u00f3n. El sitio web, si se traduce correctamente, puede reducir el tiempo que el personal m\u00e9dico dedica a este tipo de tareas para centrarse m\u00e1s en otras de mayor envergadura.<\/p>\n<p>&nbsp;<\/p>\n<p style=\"text-align: justify;\">Contar con una agencia de traducci\u00f3n m\u00e9dica puede ser beneficioso en este caso. Te proporcionar\u00e1 servicios de traducci\u00f3n e <a href=\"https:\/\/okomeds.com\/es\/?page_id=12062\">interpretaci\u00f3n para la industria de la salud<\/a>. Con la ayuda de estos servicios, podr\u00e1s atender mejor a tus pacientes en diferentes idiomas.<\/p>\n<h3><\/h3>\n<p>&nbsp;<\/p>\n<h3 style=\"text-align: justify;\"><span class=\"ez-toc-section\" id=\"2_Ayuda_a_adquirir_nuevos_pacientes\"><\/span>2. Ayuda a adquirir nuevos pacientes<span class=\"ez-toc-section-end\"><\/span><\/h3>\n<p>&nbsp;<\/p>\n<p style=\"text-align: justify;\">Hay estudios que corroboran que el 75% de los usuarios \u00abprefieren comprar productos en su idioma nativo\u00bb. La traducci\u00f3n se vuelve esencial en tal escenario. Gracias a\u00a0 servicios de traducci\u00f3n de sitios web te resultar\u00e1 f\u00e1cil atraer nuevos pacientes, ya que el contenido m\u00e9dico estar\u00e1 disponible en varios idiomas.<\/p>\n<h3><\/h3>\n<p>&nbsp;<\/p>\n<h3 style=\"text-align: justify;\"><span class=\"ez-toc-section\" id=\"3_Mejores_resultados_de_salud_del_paciente\"><\/span>3. Mejores resultados de salud del paciente<span class=\"ez-toc-section-end\"><\/span><\/h3>\n<p>&nbsp;<\/p>\n<p style=\"text-align: justify;\">La traducci\u00f3n, cuando se combina con servicios de interpretaci\u00f3n, puede ayudar a mejorar los resultados de salud del paciente. Los pacientes con dominio limitado del ingl\u00e9s o de cualquier otro idioma que no sea el suyo nativo, podr\u00e1n comprender la informaci\u00f3n m\u00e9dica con claridad, cuando est\u00e9 disponible en su idioma nativo. Las traducciones precisas de un sitio web de atenci\u00f3n m\u00e9dica garantizan mejores resultados.<\/p>\n<p>&nbsp;<\/p>\n<p style=\"text-align: justify;\">Uno de los aspectos m\u00e1s importantes de la asistencia sanitaria es la comunicaci\u00f3n. Tus pacientes deben comprender perfectamente lo que les quieres transmitir. As\u00ed que si un sitio web de atenci\u00f3n m\u00e9dica est\u00e1 escrito en ingl\u00e9s y el ingl\u00e9s no es su primer idioma, crea una barrera para la comprensi\u00f3n.<\/p>\n<p>&nbsp;<\/p>\n<p style=\"text-align: justify;\">En Okomeds te ayudamos a que eso no ocurra. Contamos con <a href=\"https:\/\/okomeds.com\/es\/traductor-medico\/\">traductores m\u00e9dicos nativos<\/a> en idiomas muy diversos que te ayudar\u00e1n a lograr tus objetivos comunicativos. Solo tienes que ponerte en contacto con nosotros y nuestros profesionales se encargar\u00e1n del resto.<\/p>\n<p>&nbsp;<\/p>\n<p style=\"text-align: justify;\">\u00bfHablamos?<\/p>\n<p>[\/vc_column_text][\/vc_column][\/vc_row][vc_row css_animation=\u00bb\u00bb row_type=\u00bbrow\u00bb use_row_as_full_screen_section=\u00bbno\u00bb type=\u00bbfull_width\u00bb angled_section=\u00bbno\u00bb text_align=\u00bbleft\u00bb background_image_as_pattern=\u00bbwithout_pattern\u00bb css=\u00bb.vc_custom_1443779444256{background-position: center !important;background-repeat: no-repeat !important;background-size: cover !important;}\u00bb][vc_column][vc_empty_space height=\u00bb35px\u00bb][vc_row_inner row_type=\u00bbrow\u00bb type=\u00bbfull_width\u00bb text_align=\u00bbleft\u00bb css_animation=\u00bb\u00bb][vc_column_inner width=\u00bb1\/6&#8243;]<br \/>\n[\/vc_column_inner][vc_column_inner el_class=\u00bbborder-paginterna\u00bb width=\u00bb2\/3&#8243; css=\u00bb.vc_custom_1444139333595{padding-top: 10px !important;padding-right: 10px !important;padding-bottom: 10px !important;padding-left: 10px !important;}\u00bb][vc_column_text]<\/p>\n<h2 style=\"text-align: center;\"><span class=\"ez-toc-section\" id=\"Solucion_integral_de_traduccion_de_paginas_web_de_medicina\"><\/span>Soluci\u00f3n integral de traducci\u00f3n de p\u00e1ginas web de medicina<span class=\"ez-toc-section-end\"><\/span><\/h2>\n<p>Nuestro servicio integral de\u00a0<strong>traducci\u00f3n de p\u00e1ginas web m\u00e9dicas<\/strong> incluye:<\/p>\n<p>\u2013 Traducci\u00f3n de p\u00e1ginas web de medicina, localizaci\u00f3n y compilaci\u00f3n de los archivos de ayuda m\u00e9dicos.<\/p>\n<p>\u2013 Traducci\u00f3n de p\u00e1ginas web m\u00e9dicas y localizaci\u00f3n, que ser\u00e1 su oficina abierta las 24h en el resto del mundo.<\/p>\n<p>\u2013 Testeo ling\u00fc\u00edstico y funcional, para garantizar la calidad del producto final y para <strong>garantizar la calidad de la traducci\u00f3n de p\u00e1ginas web de medicina.<\/strong><\/p>\n<p>\u2013 Control de calidad y garant\u00eda de satisfacci\u00f3n gracias al establecimiento de puntos de control en cada uno de los pasos del proceso.<\/p>\n<p>\u2013 Traducci\u00f3n de actualizaciones puntuales o peri\u00f3dicas de la p\u00e1gina web corporativa, traducci\u00f3n de posts del blog y de notas de prensa digitales, etc.[\/vc_column_text][\/vc_column_inner][vc_column_inner width=\u00bb1\/6&#8243;]<br \/>\n[\/vc_column_inner][\/vc_row_inner][vc_empty_space height=\u00bb35px\u00bb][vc_column_text]<\/p>\n<h3 style=\"text-align: justify;\"><span class=\"ez-toc-section\" id=\"%C2%BFEn_que_idiomas_realizamos_traduccion_de_paginas_web_medicas\"><\/span>\u00bfEn qu\u00e9 idiomas realizamos traducci\u00f3n de p\u00e1ginas web m\u00e9dicas?<span class=\"ez-toc-section-end\"><\/span><\/h3>\n<p style=\"text-align: justify;\">ingl\u00e9s \u2013 franc\u00e9s \u2013 espa\u00f1ol \u2013 italiano \u2013 portugu\u00e9s \u2013 catal\u00e1n \u2013 alem\u00e1n \u2013 neerland\u00e9s \u2013 estonio \u2013 lituano \u2013 let\u00f3n \u2013 irland\u00e9s \u2013 japon\u00e9s \u2013 ruso \u2013 polaco \u2013 \u00e1rabe \u2013 chino \u2013 eslovaco \u2013 esloveno \u2013 checo \u2013 croata \u2013 rumano \u2013 h\u00fangaro \u2013 turco \u2013 hebreo \u2013 griego \u2013 malt\u00e9s \u2013 serbio \u2013 ucraniano \u2013 bielorruso \u2013 b\u00falgaro \u2013 euskera \u2013 gallego \u2013 lat\u00edn \u2013 esperanto \u2013 dan\u00e9s \u2013 sueco \u2013 noruego \u2013 island\u00e9s \u2013 fin\u00e9s \u2013 persa \u2013 urdu \u2013 tailand\u00e9s \u2013 guaran\u00ed \u2013 quechua \u2013 aymara<\/p>\n<p>[\/vc_column_text][vc_empty_space height=\u00bb35px\u00bb][vc_row_inner row_type=\u00bbrow\u00bb type=\u00bbfull_width\u00bb text_align=\u00bbleft\u00bb css_animation=\u00bb\u00bb][vc_column_inner width=\u00bb1\/4&#8243;]<br \/>\n[\/vc_column_inner][vc_column_inner width=\u00bb1\/2&#8243; css=\u00bb.vc_custom_1443792879316{background-position: center !important;background-repeat: no-repeat !important;background-size: contain !important;}\u00bb][vc_raw_html]JTNDYSUyMGhyZWYlM0QlMjIlMjNuaW5qYS1wb3B1cC04OTQ1JTIyJTNFJTNDaW1nJTIwc3R5bGUlM0QlMjJtYXJnaW4tbGVmdCUzQTcycHglM0IlMjIlMjBzcmMlM0QlMjJodHRwcyUzQSUyRiUyRm9rb21lZHMuY29tJTJGd3AtY29udGVudCUyRnVwbG9hZHMlMkYyMDE1JTJGMTAlMkZzb2xpY2l0YXItcHJlc3VwdWVzdG8ucG5nJTIyJTIwYWx0JTNEJTIyc29saWNpdGFyJTIwcHJlc3VwdWVzdG8lMjBkZSUyMHRyYWR1Y2NpJUMzJUIzbiUyMG0lQzMlQTlkaWNhJTIwZ3JhdGlzJTIyJTIwaGVpZ2h0JTNEJTIyMzUlMjIlMjB3aWR0aCUzRCUyMjE5MCUyMiUzRSUzQyUyRmElM0U=[\/vc_raw_html][\/vc_column_inner][vc_column_inner width=\u00bb1\/4&#8243;]<br \/>\n[\/vc_column_inner][\/vc_row_inner][vc_empty_space height=\u00bb90px\u00bb][vc_column_text]<script type=\"application\/ld+json\">\n{\n  \"@context\": \"https:\/\/schema.org\/\", \n  \"@type\": \"Product\", \n  \"name\": \"Traducci\u00f3n de p\u00e1ginas web de medicina\",\n  \"image\": \"https:\/\/okomeds.com\/wp-content\/uploads\/2015\/09\/xlogo-300x77.png\",\n  \"description\": \"Servicio de traducci\u00f3n de p\u00e1ginas web de medicina. Somos especialistas en el sector medicina.\",\n  \"brand\": \"Okomeds - Traducciones Medicas Certificadas\",\n  \"category\": \"Service\",\n  \"sku\": \"traduccion-paginas-web-medicina\",\n  \"offers\": {\n    \"@type\": \"Offer\",\n    \"url\": \"https:\/\/okomeds.com\/es\/traduccion-paginas-web-medicina\/\",\n    \"priceCurrency\": \"EUR\",\n    \"price\": \"150\",\n    \"priceValidUntil\": \"2026-12-31\",\n    \"availability\": \"https:\/\/schema.org\/InStock\",\n    \"itemCondition\": \"https:\/\/schema.org\/NewCondition\"\n  }\n}\n<\/script>[\/vc_column_text][\/vc_column][\/vc_row]<\/p>\n<\/section>","protected":false},"excerpt":{"rendered":"<p>[vc_row css_animation=\u00bb\u00bb row_type=\u00bbrow\u00bb use_row_as_full_screen_section=\u00bbno\u00bb type=\u00bbfull_width\u00bb angled_section=\u00bbno\u00bb text_align=\u00bbleft\u00bb background_image_as_pattern=\u00bbwithout_pattern\u00bb css=\u00bb.vc_custom_1443779444256{background-position: center !important;background-repeat: no-repeat !important;background-size: cover !important;}\u00bb][vc_column][vc_row_inner row_type=\u00bbrow\u00bb type=\u00bbfull_width\u00bb text_align=\u00bbleft\u00bb css_animation=\u00bb\u00bb][vc_column_inner width=\u00bb1\/3&#8243; css=\u00bb.vc_custom_1444128534975{padding-top: 25px !important;}\u00bb][vc_single_image image=\u00bb917&#8243; img_size=\u00bbfull\u00bb qode_css_animation=\u00bb\u00bb][\/vc_column_inner][vc_column_inner width=\u00bb2\/3&#8243;][vc_column_text] Quien tiene una p\u00e1gina web, tiene un tesoro. Y a todo tesoro hay que cuidarlo. As\u00ed que si&#8230;<\/p>\n","protected":false},"author":3,"featured_media":0,"parent":0,"menu_order":10,"comment_status":"open","ping_status":"closed","template":"","meta":{"_acf_changed":false,"footnotes":""},"class_list":["post-8889","page","type-page","status-publish","hentry"],"acf":[],"yoast_head":"<!-- This site is optimized with the Yoast SEO plugin v27.1.1 - https:\/\/yoast.com\/product\/yoast-seo-wordpress\/ -->\n<title>Traducci\u00f3n de p\u00e1ginas web de medicina - Okomeds<\/title>\n<meta name=\"description\" content=\"Servicio de traducci\u00f3n de p\u00e1ginas web de medicina. Somos especialistas en el sector medicina. Ll\u00e1manos y solicita un presupuesto en el 93 172 78 30.\" \/>\n<meta name=\"robots\" content=\"index, follow, max-snippet:-1, max-image-preview:large, max-video-preview:-1\" \/>\n<link rel=\"canonical\" href=\"https:\/\/okomeds.com\/website-translation\/\" \/>\n<meta property=\"og:locale\" content=\"es_ES\" \/>\n<meta property=\"og:type\" content=\"article\" \/>\n<meta property=\"og:title\" content=\"Traducci\u00f3n de p\u00e1ginas web de medicina - Okomeds\" \/>\n<meta property=\"og:description\" content=\"Servicio de traducci\u00f3n de p\u00e1ginas web de medicina. Somos especialistas en el sector medicina. Ll\u00e1manos y solicita un presupuesto en el 93 172 78 30.\" \/>\n<meta property=\"og:url\" content=\"https:\/\/okomeds.com\/website-translation\/\" \/>\n<meta property=\"og:site_name\" content=\"Okomeds\" \/>\n<meta property=\"article:publisher\" content=\"https:\/\/www.facebook.com\/okomeds\" \/>\n<meta property=\"article:modified_time\" content=\"2021-05-03T10:40:14+00:00\" \/>\n<meta name=\"twitter:card\" content=\"summary_large_image\" \/>\n<meta name=\"twitter:site\" content=\"@okomeds\" \/>\n<meta name=\"twitter:label1\" content=\"Tiempo de lectura\" \/>\n\t<meta name=\"twitter:data1\" content=\"7 minutos\" \/>\n<script type=\"application\/ld+json\" class=\"yoast-schema-graph\">{\"@context\":\"https:\/\/schema.org\",\"@graph\":[{\"@type\":\"WebPage\",\"@id\":\"https:\/\/okomeds.com\/website-translation\/\",\"url\":\"https:\/\/okomeds.com\/website-translation\/\",\"name\":\"Traducci\u00f3n de p\u00e1ginas web de medicina - Okomeds\",\"isPartOf\":{\"@id\":\"https:\/\/okomeds.com\/#website\"},\"datePublished\":\"2015-11-16T13:12:39+00:00\",\"dateModified\":\"2021-05-03T10:40:14+00:00\",\"description\":\"Servicio de traducci\u00f3n de p\u00e1ginas web de medicina. Somos especialistas en el sector medicina. Ll\u00e1manos y solicita un presupuesto en el 93 172 78 30.\",\"breadcrumb\":{\"@id\":\"https:\/\/okomeds.com\/website-translation\/#breadcrumb\"},\"inLanguage\":\"es\",\"potentialAction\":[{\"@type\":\"ReadAction\",\"target\":[\"https:\/\/okomeds.com\/website-translation\/\"]}]},{\"@type\":\"BreadcrumbList\",\"@id\":\"https:\/\/okomeds.com\/website-translation\/#breadcrumb\",\"itemListElement\":[{\"@type\":\"ListItem\",\"position\":1,\"name\":\"Home\",\"item\":\"https:\/\/okomeds.com\/es\/inicio-2-2\/\"},{\"@type\":\"ListItem\",\"position\":2,\"name\":\"Traducci\u00f3n de p\u00e1ginas web de medicina\"}]},{\"@type\":\"WebSite\",\"@id\":\"https:\/\/okomeds.com\/#website\",\"url\":\"https:\/\/okomeds.com\/\",\"name\":\"Okomeds\",\"description\":\"Agencia de traducci\u00f3n m\u00e9dica y de salud\",\"publisher\":{\"@id\":\"https:\/\/okomeds.com\/#organization\"},\"potentialAction\":[{\"@type\":\"SearchAction\",\"target\":{\"@type\":\"EntryPoint\",\"urlTemplate\":\"https:\/\/okomeds.com\/?s={search_term_string}\"},\"query-input\":{\"@type\":\"PropertyValueSpecification\",\"valueRequired\":true,\"valueName\":\"search_term_string\"}}],\"inLanguage\":\"es\"},{\"@type\":\"Organization\",\"@id\":\"https:\/\/okomeds.com\/#organization\",\"name\":\"Okodia\",\"url\":\"https:\/\/okomeds.com\/\",\"logo\":{\"@type\":\"ImageObject\",\"inLanguage\":\"es\",\"@id\":\"https:\/\/okomeds.com\/#\/schema\/logo\/image\/\",\"url\":\"https:\/\/okomeds.com\/wp-content\/uploads\/2015\/12\/logo-okomeds.png\",\"contentUrl\":\"https:\/\/okomeds.com\/wp-content\/uploads\/2015\/12\/logo-okomeds.png\",\"width\":300,\"height\":77,\"caption\":\"Okodia\"},\"image\":{\"@id\":\"https:\/\/okomeds.com\/#\/schema\/logo\/image\/\"},\"sameAs\":[\"https:\/\/www.facebook.com\/okomeds\",\"https:\/\/x.com\/okomeds\",\"https:\/\/www.linkedin.com\/company\/okomeds\"]}]}<\/script>\n<!-- \/ Yoast SEO plugin. -->","yoast_head_json":{"title":"Traducci\u00f3n de p\u00e1ginas web de medicina - Okomeds","description":"Servicio de traducci\u00f3n de p\u00e1ginas web de medicina. Somos especialistas en el sector medicina. Ll\u00e1manos y solicita un presupuesto en el 93 172 78 30.","robots":{"index":"index","follow":"follow","max-snippet":"max-snippet:-1","max-image-preview":"max-image-preview:large","max-video-preview":"max-video-preview:-1"},"canonical":"https:\/\/okomeds.com\/website-translation\/","og_locale":"es_ES","og_type":"article","og_title":"Traducci\u00f3n de p\u00e1ginas web de medicina - Okomeds","og_description":"Servicio de traducci\u00f3n de p\u00e1ginas web de medicina. Somos especialistas en el sector medicina. Ll\u00e1manos y solicita un presupuesto en el 93 172 78 30.","og_url":"https:\/\/okomeds.com\/website-translation\/","og_site_name":"Okomeds","article_publisher":"https:\/\/www.facebook.com\/okomeds","article_modified_time":"2021-05-03T10:40:14+00:00","twitter_card":"summary_large_image","twitter_site":"@okomeds","twitter_misc":{"Tiempo de lectura":"7 minutos"},"schema":{"@context":"https:\/\/schema.org","@graph":[{"@type":"WebPage","@id":"https:\/\/okomeds.com\/website-translation\/","url":"https:\/\/okomeds.com\/website-translation\/","name":"Traducci\u00f3n de p\u00e1ginas web de medicina - Okomeds","isPartOf":{"@id":"https:\/\/okomeds.com\/#website"},"datePublished":"2015-11-16T13:12:39+00:00","dateModified":"2021-05-03T10:40:14+00:00","description":"Servicio de traducci\u00f3n de p\u00e1ginas web de medicina. Somos especialistas en el sector medicina. Ll\u00e1manos y solicita un presupuesto en el 93 172 78 30.","breadcrumb":{"@id":"https:\/\/okomeds.com\/website-translation\/#breadcrumb"},"inLanguage":"es","potentialAction":[{"@type":"ReadAction","target":["https:\/\/okomeds.com\/website-translation\/"]}]},{"@type":"BreadcrumbList","@id":"https:\/\/okomeds.com\/website-translation\/#breadcrumb","itemListElement":[{"@type":"ListItem","position":1,"name":"Home","item":"https:\/\/okomeds.com\/es\/inicio-2-2\/"},{"@type":"ListItem","position":2,"name":"Traducci\u00f3n de p\u00e1ginas web de medicina"}]},{"@type":"WebSite","@id":"https:\/\/okomeds.com\/#website","url":"https:\/\/okomeds.com\/","name":"Okomeds","description":"Agencia de traducci\u00f3n m\u00e9dica y de salud","publisher":{"@id":"https:\/\/okomeds.com\/#organization"},"potentialAction":[{"@type":"SearchAction","target":{"@type":"EntryPoint","urlTemplate":"https:\/\/okomeds.com\/?s={search_term_string}"},"query-input":{"@type":"PropertyValueSpecification","valueRequired":true,"valueName":"search_term_string"}}],"inLanguage":"es"},{"@type":"Organization","@id":"https:\/\/okomeds.com\/#organization","name":"Okodia","url":"https:\/\/okomeds.com\/","logo":{"@type":"ImageObject","inLanguage":"es","@id":"https:\/\/okomeds.com\/#\/schema\/logo\/image\/","url":"https:\/\/okomeds.com\/wp-content\/uploads\/2015\/12\/logo-okomeds.png","contentUrl":"https:\/\/okomeds.com\/wp-content\/uploads\/2015\/12\/logo-okomeds.png","width":300,"height":77,"caption":"Okodia"},"image":{"@id":"https:\/\/okomeds.com\/#\/schema\/logo\/image\/"},"sameAs":["https:\/\/www.facebook.com\/okomeds","https:\/\/x.com\/okomeds","https:\/\/www.linkedin.com\/company\/okomeds"]}]}},"_links":{"self":[{"href":"https:\/\/okomeds.com\/es\/wp-json\/wp\/v2\/pages\/8889","targetHints":{"allow":["GET"]}}],"collection":[{"href":"https:\/\/okomeds.com\/es\/wp-json\/wp\/v2\/pages"}],"about":[{"href":"https:\/\/okomeds.com\/es\/wp-json\/wp\/v2\/types\/page"}],"author":[{"embeddable":true,"href":"https:\/\/okomeds.com\/es\/wp-json\/wp\/v2\/users\/3"}],"replies":[{"embeddable":true,"href":"https:\/\/okomeds.com\/es\/wp-json\/wp\/v2\/comments?post=8889"}],"version-history":[{"count":19,"href":"https:\/\/okomeds.com\/es\/wp-json\/wp\/v2\/pages\/8889\/revisions"}],"predecessor-version":[{"id":11991,"href":"https:\/\/okomeds.com\/es\/wp-json\/wp\/v2\/pages\/8889\/revisions\/11991"}],"wp:attachment":[{"href":"https:\/\/okomeds.com\/es\/wp-json\/wp\/v2\/media?parent=8889"}],"curies":[{"name":"wp","href":"https:\/\/api.w.org\/{rel}","templated":true}]}}