{"id":8893,"date":"2015-11-16T14:19:15","date_gmt":"2015-11-16T13:19:15","guid":{"rendered":"http:\/\/okomeds.com\/es\/?page_id=8893"},"modified":"2020-03-24T15:54:09","modified_gmt":"2020-03-24T14:54:09","slug":"politica-privacidad","status":"publish","type":"page","link":"https:\/\/okomeds.com\/es\/politica-privacidad\/","title":{"rendered":"Pol\u00edtica de privacidad"},"content":{"rendered":"<section class=\"wpb-content-wrapper\"><p>[vc_row css_animation=\u00bb\u00bb row_type=\u00bbrow\u00bb use_row_as_full_screen_section=\u00bbno\u00bb type=\u00bbfull_width\u00bb angled_section=\u00bbno\u00bb text_align=\u00bbleft\u00bb background_image_as_pattern=\u00bbwithout_pattern\u00bb][vc_column css=\u00bb.vc_custom_1444812265698{margin-bottom: 40px !important;}\u00bb][vc_column_text]<\/p>\n<p style=\"text-align: justify;\"><strong>Protecci\u00f3n de datos de car\u00e1cter personal seg\u00fan el RGPD<\/strong><br \/>\nOkodia SLU, en aplicaci\u00f3n de la normativa vigente en materia de protecci\u00f3n de datos de car\u00e1cter personal, informa que los datos personales que se recogen a trav\u00e9s de los formularios del sitio web www.okomeds.com se incluyen en los ficheros automatizados espec\u00edficos de usuarios de los servicios de Okodia SLU.<\/p>\n<p style=\"text-align: justify;\">La recogida y tratamiento automatizado de los datos de car\u00e1cter personal tiene como finalidad el mantenimiento de la relaci\u00f3n comercial y el desempe\u00f1o de tareas de informaci\u00f3n, formaci\u00f3n, asesoramiento y otras actividades propias de Okodia SLU.<\/p>\n<p style=\"text-align: justify;\">Estos datos \u00fanicamente ser\u00e1n cedidos a aquellas entidades que sea necesario con el \u00fanico objetivo de dar cumplimiento a la finalidad anteriormente expuesta.<\/p>\n<p style=\"text-align: justify;\">Okodia SLU adopta las medidas necesarias para garantizar la seguridad, integridad y confidencialidad de los datos conforme a lo dispuesto en el Reglamento (UE) 2016\/679 del Parlamento Europeo y del Consejo, de 27 de abril de 2016, relativo a la protecci\u00f3n de las personas f\u00edsicas en lo que respecta al tratamiento de datos personales y a la libre circulaci\u00f3n de los mismos.<\/p>\n<p style=\"text-align: justify;\">El usuario podr\u00e1 en cualquier momento ejercitar los derechos de acceso, rectificaci\u00f3n, cancelaci\u00f3n y oposici\u00f3n reconocidos en el citado Reglamento (UE). El ejercicio de estos derechos puede realizarlo el propio usuario a trav\u00e9s de e-mail a <a href=\"mailto:info@okodia.com\">info@okodia.com<\/a> o en la direcci\u00f3n C\/ N\u00faria 57, 08191 Rub\u00ed (Espa\u00f1a).<\/p>\n<p style=\"text-align: justify;\">El usuario manifiesta que todos los datos facilitados por \u00e9l son ciertos y correctos, y se compromete a mantenerlos actualizados, comunicando los cambios a Okodia SLU.<\/p>\n<p><strong>Finalidad del tratamiento de los datos personales:<\/strong><\/p>\n<p><strong>\u00bfCon qu\u00e9 finalidad trataremos tus datos personales?<\/strong><\/p>\n<p>En Okodia, SLU, trataremos tus datos personales recabados a trav\u00e9s del sitio web www.okomeds.com con las siguientes finalidades:<\/p>\n<ol>\n<li>En caso de contrataci\u00f3n de los bienes y servicios ofertados a trav\u00e9s de www.okomeds.com para mantener la relaci\u00f3n contractual, as\u00ed como la gesti\u00f3n, administraci\u00f3n, informaci\u00f3n, prestaci\u00f3n y mejora del servicio.<\/li>\n<li>Env\u00edo de informaci\u00f3n solicitada a trav\u00e9s de los formularios dispuestos en www.okomeds.com<\/li>\n<li>Remitir boletines (newsletters), as\u00ed como comunicaciones comerciales de promociones y\/o publicidad de Okodia SLU y del sector.<\/li>\n<\/ol>\n<p>Te recordamos que puedes oponerte al env\u00edo de comunicaciones comerciales por cualquier v\u00eda y en cualquier momento, remitiendo un correo electr\u00f3nico a la direcci\u00f3n indicada anteriormente.<\/p>\n<p>Los campos de dichos registros son de cumplimentaci\u00f3n obligatoria, siendo imposible realizar las finalidades expresadas si no se aportan esos datos.<\/p>\n<p><strong>\u00bfDurante cu\u00e1nto tiempo se conservan los datos personales recabados?<\/strong><\/p>\n<p>Los datos personales proporcionados se conservar\u00e1n mientras se mantenga la relaci\u00f3n comercial o no solicites su supresi\u00f3n y durante el plazo por el cu\u00e1l pudieran derivarse responsabilidades legales por los servicios prestados.<\/p>\n<p><strong>Legitimaci\u00f3n:<\/strong><\/p>\n<p>El tratamiento de tus datos se realiza con las siguientes bases jur\u00eddicas que legitiman el mismo:<\/p>\n<ol>\n<li>La solicitud de informaci\u00f3n y\/o la contrataci\u00f3n de los servicios de Okodia SLU, cuyos t\u00e9rminos y condiciones se pondr\u00e1n a tu disposici\u00f3n en todo caso, de forma previa a una eventual contrataci\u00f3n.<\/li>\n<li>El consentimiento libre, espec\u00edfico, informado e inequ\u00edvoco, en tanto que te informamos poniendo a tu disposici\u00f3n la presente pol\u00edtica de privacidad, que tras la lectura de la misma, en caso de estar conforme, puedes aceptar mediante una declaraci\u00f3n o una clara acci\u00f3n afirmativa, como el marcado de una casilla dispuesta al efecto.<\/li>\n<\/ol>\n<p>En caso de que no nos facilites tus datos o lo hagas de forma err\u00f3nea o incompleta, no podremos atender tu solicitud, resultando del todo imposible proporcionarte la informaci\u00f3n solicitada o llevar a cabo la contrataci\u00f3n de los servicios.<\/p>\n<p><strong>Destinatarios:<\/strong><\/p>\n<p>Los datos obtenidos a trav\u00e9s de nuestra p\u00e1gina web no se comunicar\u00e1n a ning\u00fan tercero ajeno a Okodia SLU, salvo obligaci\u00f3n legal.<\/p>\n<p>Como encargados de tratamiento, tenemos contratados a los siguientes proveedores de servicios, habi\u00e9ndose comprometido al cumplimiento de las disposiciones normativas, de aplicaci\u00f3n en materia de protecci\u00f3n de datos, en el momento de su contrataci\u00f3n:<\/p>\n<ul>\n<li>Google LLC, con domicilio en 1600 Amphitheatre Parkway, Mountain View, CA 94043, Estados Unidos, presta servicios de anal\u00edtica web y servicios globales de internet, e-mail, almacenamiento en la nube, publicidad\u2026<\/li>\n<\/ul>\n<p>Puede consultar la pol\u00edtica de privacidad y dem\u00e1s aspectos legales de la compa\u00f1\u00eda en el siguiente enlace:\u00a0<a href=\"https:\/\/policies.google.com\/privacy?hl=es\">https:\/\/policies.google.com\/privacy?hl=es<\/a><\/p>\n<ul>\n<li>Facebook Ireland Ltd., con domicilio en 4 Grand Canal Square, Grand Canal Harbour, Dubl\u00edn 2, Irlanda, presta servicios de interacci\u00f3n mediante redes sociales, anal\u00edtica social, publicidad\u2026<\/li>\n<\/ul>\n<p>Puede consultar la pol\u00edtica de privacidad y dem\u00e1s aspectos legales de la compa\u00f1\u00eda en el siguiente enlace\u00a0<a href=\"https:\/\/www.facebook.com\/full_data_use_policy\">https:\/\/www.facebook.com\/full_data_use_policy<\/a>\u00a0y\u00a0<a href=\"https:\/\/help.instagram.com\/519522125107875\">https:\/\/help.instagram.com\/519522125107875<\/a><\/p>\n<ul>\n<li>Twitter International Company, con domicilio en One Cumberland Place, Fenian Street, Dubl\u00edn 2 D02 AX07, Irlanda, presta servicios de interacci\u00f3n mediante redes sociales, anal\u00edtica social, publicidad\u2026<\/li>\n<\/ul>\n<p>Puede consultar la pol\u00edtica de privacidad y dem\u00e1s aspectos legales de la compa\u00f1\u00eda en el siguiente enlace\u00a0<a href=\"https:\/\/twitter.com\/es\/privacy\">https:\/\/twitter.com\/es\/privacy<\/a><\/p>\n<ul>\n<li>Pinterest Europe Ltd., con domicilio en Palmerston\u00a0House, 2nd Floor, Fenian Street, Dublin 2, Irlanda, presta servicios de interacci\u00f3n mediante redes sociales, anal\u00edtica social, publicidad\u2026<\/li>\n<\/ul>\n<p>Puede consultar la pol\u00edtica de privacidad y dem\u00e1s aspectos legales de la compa\u00f1\u00eda en el siguiente enlace\u00a0<a href=\"https:\/\/policy.pinterest.com\/es\/privacy-policy\">https:\/\/policy.pinterest.com\/es\/privacy-policy<\/a><\/p>\n<ul>\n<li>LinkedIn Ireland Unlimited Company, con domicilio en Wilton Plaza, Wilton Place, Dubl\u00edn 2, Irlanda, presta servicios de interacci\u00f3n mediante redes sociales, anal\u00edtica social, publicidad\u2026<\/li>\n<\/ul>\n<p>Puede consultar la pol\u00edtica de privacidad y dem\u00e1s aspectos legales de la compa\u00f1\u00eda en el siguiente enlace\u00a0<a href=\"https:\/\/www.linkedin.com\/legal\/privacy-policy\">https:\/\/www.linkedin.com\/legal\/privacy-policy<\/a><\/p>\n<ul>\n<li>WeTransfer B.V., con domicilio en Oostelijke Handelskade 751, 1019 BW Amsterdam, Pa\u00edses Bajos, presta servicios de intercambio de archivos.<\/li>\n<\/ul>\n<p>Puede consultar la pol\u00edtica de privacidad y dem\u00e1s aspectos legales de la compa\u00f1\u00eda en el siguiente enlace\u00a0<a href=\"https:\/\/wetransfer.com\/legal\/privacy\">https:\/\/wetransfer.com\/legal\/privacy<\/a><\/p>\n<ul>\n<li>Skype Communications S\u00e0rl, con domicilio en 23 \u2013 29 Rives de Clausen, L-2165 Luxembourg, presta servicios de comunicaci\u00f3n online.<\/li>\n<\/ul>\n<p>Puede consultar la pol\u00edtica de privacidad y dem\u00e1s aspectos legales de la compa\u00f1\u00eda en el siguiente enlace\u00a0<a href=\"https:\/\/www.skype.com\/es\/legal\/\">https:\/\/www.skype.com\/es\/legal\/<\/a><\/p>\n<ul>\n<li>DabaSystem Solutions SL, con domicilio en C\/ Duran i Sors 6-8, Despatx 3, 08201 Sabadell, Espa\u00f1a, presta servicios de desarrollo web y apps.<\/li>\n<\/ul>\n<p>Puede consultar la pol\u00edtica de privacidad y dem\u00e1s aspectos legales de la compa\u00f1\u00eda en el siguiente enlace\u00a0<a href=\"https:\/\/www.dabasystem.com\/\">https:\/\/www.dabasystem.com\/<\/a><\/p>\n<ul>\n<li>EasyDataHost SL, con domicilio en C\/ Anabel Segura 10, 3\u00aa planta, 28108 Alcobendas, Espa\u00f1a, presta servicios de infraestructura de servidores y backups.<\/li>\n<\/ul>\n<p>Puede consultar la pol\u00edtica de privacidad y dem\u00e1s aspectos legales de la compa\u00f1\u00eda en el siguiente enlace <a href=\"https:\/\/easydatahost.com\/legal\">https:\/\/easydatahost.com\/legal<\/a><\/p>\n<p style=\"text-align: justify;\"><strong>Datos recopilados por usuarios de los servicios<\/strong><\/p>\n<p style=\"text-align: justify;\">En los casos en que el usuario incluya ficheros con datos de car\u00e1cter personal en los servidores de alojamiento compartido, Okodia SLU no se hace responsable del incumplimiento por parte del usuario del RGPD.<\/p>\n<p style=\"text-align: justify;\"><strong>Retenci\u00f3n de datos en conformidad a la LSSI<\/strong><\/p>\n<p style=\"text-align: justify;\">Okodia SLU informa de que, como prestador de servicio de alojamiento de datos y en virtud de lo establecido en la Ley 34\/2002 de 11 de julio de Servicios de la Sociedad de la Informaci\u00f3n y de Comercio Electr\u00f3nico (LSSI), retiene por un periodo m\u00e1ximo de 12 meses la informaci\u00f3n imprescindible para identificar el origen de los datos alojados y el momento en que se inici\u00f3 la prestaci\u00f3n del servicio. La retenci\u00f3n de estos datos no afecta al secreto de las comunicaciones y solo podr\u00e1n ser utilizados en el marco de una investigaci\u00f3n criminal o para la salvaguardia de la seguridad p\u00fablica, poni\u00e9ndose a disposici\u00f3n de los jueces y\/o tribunales o del Ministerio que as\u00ed los requiera. La comunicaci\u00f3n de datos a las Fuerzas y Cuerpos del Estado se har\u00e1 en virtud a lo dispuesto en la normativa sobre protecci\u00f3n de datos personales.<\/p>\n<p style=\"text-align: justify;\"><strong>Derechos propiedad intelectual www.okomeds.com<\/strong><\/p>\n<p style=\"text-align: justify;\">Okodia SLU es titular de todos los derechos de autor, propiedad intelectual, industrial, <em>know how<\/em> y cuantos otros derechos guardan relaci\u00f3n con los contenidos del sitio web www.okomeds.com y los servicios ofertados en el mismo, as\u00ed como de los programas necesarios para su implementaci\u00f3n y la informaci\u00f3n relacionada. No se permite la reproducci\u00f3n, publicaci\u00f3n y\/o uso no estrictamente privado de los contenidos, totales o parciales, del sitio web www.okomeds.com sin el consentimiento previo y por escrito por parte de Okodia SLU.<\/p>\n<p style=\"text-align: justify;\"><strong>Propiedad intelectual del software<\/strong><\/p>\n<p style=\"text-align: justify;\">El usuario debe respetar los programas de terceros puestos a su disposici\u00f3n por Okodia SLU, aun siendo gratuitos y\/o de disposici\u00f3n p\u00fablica.<\/p>\n<p style=\"text-align: justify;\">Okodia SLU dispone de los derechos de explotaci\u00f3n y propiedad intelectual necesarios del software.<\/p>\n<p style=\"text-align: justify;\">El usuario no adquiere derecho alguno o licencia por el servicio contratado, sobre el software necesario para la prestaci\u00f3n del servicio, ni tampoco sobre la informaci\u00f3n t\u00e9cnica de seguimiento del servicio, excepci\u00f3n hecha de los derechos y licencias necesarios para el cumplimiento de los servicios contratados y \u00fanicamente durante la duraci\u00f3n de los mismos. Para toda actuaci\u00f3n que exceda del cumplimiento del contrato, el usuario necesitar\u00e1 autorizaci\u00f3n por escrito por parte de Okodia SLU, quedando prohibido al usuario acceder, modificar, visualizar la configuraci\u00f3n, estructura y ficheros de los servidores propiedad de Okodia SLU, asumiendo la responsabilidad civil y penal derivada de cualquier incidencia que se pudiera producir en los servidores y sistemas de seguridad como consecuencia directa de una actuaci\u00f3n negligente o maliciosa por su parte.<\/p>\n<p style=\"text-align: justify;\"><strong>Propiedad intelectual de los contenidos alojados<\/strong><\/p>\n<p style=\"text-align: justify;\">Se proh\u00edbe el uso contrario a la legislaci\u00f3n sobre propiedad intelectual de los servicios prestados por Okodia SLU y, en particular de:<br \/>\n&#8211; la utilizaci\u00f3n que resulte contraria a las leyes espa\u00f1olas o que infrinja los derechos de terceros,<br \/>\n&#8211; la publicaci\u00f3n o la transmisi\u00f3n de cualquier contenido que, a juicio de Okodia SLU, resulte violento, obsceno, abusivo, ilegal, racial, xen\u00f3fobo o difamatorio<br \/>\n&#8211; los cracks, n\u00fameros de serie de programas o cualquier otro contenido que vulnere derechos de la propiedad intelectual de terceros,<br \/>\n&#8211; la recogida y\/o utilizaci\u00f3n de datos personales de otros usuarios sin su consentimiento expreso o contraviniendo lo dispuesto en el Reglamento (UE) 2016\/679 del Parlamento Europeo y del Consejo, de 27 de abril de 2016, relativo a la protecci\u00f3n de las personas f\u00edsicas en lo que respecta al tratamiento de datos personales y a la libre circulaci\u00f3n de los mismos,<br \/>\n&#8211; la utilizaci\u00f3n del servidor de correo del dominio y de las direcciones de correo electr\u00f3nico para el env\u00edo de correo masivo no deseado.<\/p>\n<p style=\"text-align: justify;\">El usuario tiene toda la responsabilidad sobre el contenido de su web, la informaci\u00f3n transmitida y almacenada, los enlaces de hipertexto, las reivindicaciones de terceros y las acciones legales en referencia a propiedad intelectual, derechos de terceros y protecci\u00f3n de menores. El usuario es responsable respecto a las leyes y reglamentos en vigor y las reglas que tienen que ver con el funcionamiento del servicio online, comercio electr\u00f3nico, derechos de autor, mantenimiento del orden p\u00fablico, as\u00ed como principios universales de uso de internet.<\/p>\n<p style=\"text-align: justify;\">El usuario indemnizar\u00e1 a Okodia SLU por los gastos que generara la imputaci\u00f3n de Okodia SLU en alguna causa cuya responsabilidad fuera atribuible al usuario, incluidos honorarios y gastos de defensa jur\u00eddica, incluso en el caso de una decisi\u00f3n judicial no definitiva.<\/p>\n<p style=\"text-align: justify;\"><strong>Protecci\u00f3n de la informaci\u00f3n alojada<\/strong><\/p>\n<p style=\"text-align: justify;\">Okodia SLU realiza copias de seguridad de los contenidos alojados en sus servidores, sin embargo no se responsabiliza de la p\u00e9rdida o el borrado accidental de los datos por parte de los usuarios. De igual manera, no garantiza la reposici\u00f3n total de los datos borrados por los usuarios, ya que los citados datos podr\u00edan haber sido suprimidos y\/o modificados durante el periodo de tiempo transcurrido desde la \u00faltima copia de seguridad. Los servicios ofertados, excepto los servicios espec\u00edficos de backup, no incluyen la reposici\u00f3n de los contenidos conservados en las copias de seguridad realizadas por Okodia SLU, cuando esta p\u00e9rdida sea imputable al usuario; en este caso, se determinar\u00e1 una tarifa acorde a la complejidad y volumen de la recuperaci\u00f3n, siempre previa aceptaci\u00f3n del usuario. La reposici\u00f3n de datos borrados solo est\u00e1 incluida en el precio del servicio cuando la p\u00e9rdida del contenido sea debida a causas atribuibles a Okodia SLU.<\/p>\n<p style=\"text-align: justify;\"><strong>Comunicaciones comerciales<\/strong><\/p>\n<p style=\"text-align: justify;\">En aplicaci\u00f3n de la LSSI, Okodia SLU no enviar\u00e1 comunicaciones publicitarias o promocionales por correo electr\u00f3nico u otro medio de comunicaci\u00f3n electr\u00f3nica equivalente que previamente no hubieran sido solicitadas o expresamente autorizadas por los destinatarios de las mismas.<\/p>\n<p style=\"text-align: justify;\">En el caso de usuarios con los que exista una relaci\u00f3n comercial\u00a0previa, Okodia SLU s\u00ed est\u00e1 autorizado al env\u00edo de comunicaciones comerciales referentes a productos o servicios de Okodia SLU que sean similares a los que inicialmente fueron objeto de contrataci\u00f3n con el cliente. En todo caso, el usuario puede solicitar que no se le hagan llegar m\u00e1s informaciones comerciales a trav\u00e9s de los canales de Atenci\u00f3n al cliente, tras acreditar su identidad.<\/p>\n<p>[\/vc_column_text][\/vc_column][\/vc_row]<\/p>\n<\/section>","protected":false},"excerpt":{"rendered":"<p>[vc_row css_animation=\u00bb\u00bb row_type=\u00bbrow\u00bb use_row_as_full_screen_section=\u00bbno\u00bb type=\u00bbfull_width\u00bb angled_section=\u00bbno\u00bb text_align=\u00bbleft\u00bb background_image_as_pattern=\u00bbwithout_pattern\u00bb][vc_column css=\u00bb.vc_custom_1444812265698{margin-bottom: 40px !important;}\u00bb][vc_column_text] Protecci\u00f3n de datos de car\u00e1cter personal seg\u00fan el RGPD Okodia SLU, en aplicaci\u00f3n de la normativa vigente en materia de protecci\u00f3n de datos de car\u00e1cter personal, informa que los datos personales que se recogen&#8230;<\/p>\n","protected":false},"author":3,"featured_media":0,"parent":0,"menu_order":0,"comment_status":"closed","ping_status":"closed","template":"","meta":{"_acf_changed":false,"footnotes":""},"class_list":["post-8893","page","type-page","status-publish","hentry"],"acf":[],"yoast_head":"<!-- This site is optimized with the Yoast SEO plugin v27.1.1 - https:\/\/yoast.com\/product\/yoast-seo-wordpress\/ -->\n<title>Pol\u00edtica de privacidad - Okomeds<\/title>\n<meta name=\"robots\" content=\"noindex, nofollow\" \/>\n<meta property=\"og:locale\" content=\"es_ES\" \/>\n<meta property=\"og:type\" content=\"article\" \/>\n<meta property=\"og:title\" content=\"Pol\u00edtica de privacidad - Okomeds\" \/>\n<meta property=\"og:description\" content=\"[vc_row css_animation=\u00bb\u00bb row_type=\u00bbrow\u00bb use_row_as_full_screen_section=\u00bbno\u00bb type=\u00bbfull_width\u00bb angled_section=\u00bbno\u00bb text_align=\u00bbleft\u00bb background_image_as_pattern=\u00bbwithout_pattern\u00bb][vc_column css=\u00bb.vc_custom_1444812265698{margin-bottom: 40px !important;}\u00bb][vc_column_text] Protecci\u00f3n de datos de car\u00e1cter personal seg\u00fan el RGPD Okodia SLU, en aplicaci\u00f3n de la normativa vigente en materia de protecci\u00f3n de datos de car\u00e1cter personal, informa que los datos personales que se recogen...\" \/>\n<meta property=\"og:url\" content=\"https:\/\/okomeds.com\/privacy-policy\/\" \/>\n<meta property=\"og:site_name\" content=\"Okomeds\" \/>\n<meta property=\"article:publisher\" content=\"https:\/\/www.facebook.com\/okomeds\" \/>\n<meta property=\"article:modified_time\" content=\"2020-03-24T14:54:09+00:00\" \/>\n<meta name=\"twitter:card\" content=\"summary_large_image\" \/>\n<meta name=\"twitter:site\" content=\"@okomeds\" \/>\n<meta name=\"twitter:label1\" content=\"Tiempo de lectura\" \/>\n\t<meta name=\"twitter:data1\" content=\"11 minutos\" \/>\n<script type=\"application\/ld+json\" class=\"yoast-schema-graph\">{\"@context\":\"https:\/\/schema.org\",\"@graph\":[{\"@type\":\"WebPage\",\"@id\":\"https:\/\/okomeds.com\/privacy-policy\/\",\"url\":\"https:\/\/okomeds.com\/privacy-policy\/\",\"name\":\"Pol\u00edtica de privacidad - Okomeds\",\"isPartOf\":{\"@id\":\"https:\/\/okomeds.com\/#website\"},\"datePublished\":\"2015-11-16T13:19:15+00:00\",\"dateModified\":\"2020-03-24T14:54:09+00:00\",\"breadcrumb\":{\"@id\":\"https:\/\/okomeds.com\/privacy-policy\/#breadcrumb\"},\"inLanguage\":\"es\",\"potentialAction\":[{\"@type\":\"ReadAction\",\"target\":[\"https:\/\/okomeds.com\/privacy-policy\/\"]}]},{\"@type\":\"BreadcrumbList\",\"@id\":\"https:\/\/okomeds.com\/privacy-policy\/#breadcrumb\",\"itemListElement\":[{\"@type\":\"ListItem\",\"position\":1,\"name\":\"Home\",\"item\":\"https:\/\/okomeds.com\/es\/inicio-2-2\/\"},{\"@type\":\"ListItem\",\"position\":2,\"name\":\"Pol\u00edtica de privacidad\"}]},{\"@type\":\"WebSite\",\"@id\":\"https:\/\/okomeds.com\/#website\",\"url\":\"https:\/\/okomeds.com\/\",\"name\":\"Okomeds\",\"description\":\"Agencia de traducci\u00f3n m\u00e9dica y de salud\",\"publisher\":{\"@id\":\"https:\/\/okomeds.com\/#organization\"},\"potentialAction\":[{\"@type\":\"SearchAction\",\"target\":{\"@type\":\"EntryPoint\",\"urlTemplate\":\"https:\/\/okomeds.com\/?s={search_term_string}\"},\"query-input\":{\"@type\":\"PropertyValueSpecification\",\"valueRequired\":true,\"valueName\":\"search_term_string\"}}],\"inLanguage\":\"es\"},{\"@type\":\"Organization\",\"@id\":\"https:\/\/okomeds.com\/#organization\",\"name\":\"Okodia\",\"url\":\"https:\/\/okomeds.com\/\",\"logo\":{\"@type\":\"ImageObject\",\"inLanguage\":\"es\",\"@id\":\"https:\/\/okomeds.com\/#\/schema\/logo\/image\/\",\"url\":\"https:\/\/okomeds.com\/wp-content\/uploads\/2015\/12\/logo-okomeds.png\",\"contentUrl\":\"https:\/\/okomeds.com\/wp-content\/uploads\/2015\/12\/logo-okomeds.png\",\"width\":300,\"height\":77,\"caption\":\"Okodia\"},\"image\":{\"@id\":\"https:\/\/okomeds.com\/#\/schema\/logo\/image\/\"},\"sameAs\":[\"https:\/\/www.facebook.com\/okomeds\",\"https:\/\/x.com\/okomeds\",\"https:\/\/www.linkedin.com\/company\/okomeds\"]}]}<\/script>\n<!-- \/ Yoast SEO plugin. -->","yoast_head_json":{"title":"Pol\u00edtica de privacidad - Okomeds","robots":{"index":"noindex","follow":"nofollow"},"og_locale":"es_ES","og_type":"article","og_title":"Pol\u00edtica de privacidad - Okomeds","og_description":"[vc_row css_animation=\u00bb\u00bb row_type=\u00bbrow\u00bb use_row_as_full_screen_section=\u00bbno\u00bb type=\u00bbfull_width\u00bb angled_section=\u00bbno\u00bb text_align=\u00bbleft\u00bb background_image_as_pattern=\u00bbwithout_pattern\u00bb][vc_column css=\u00bb.vc_custom_1444812265698{margin-bottom: 40px !important;}\u00bb][vc_column_text] Protecci\u00f3n de datos de car\u00e1cter personal seg\u00fan el RGPD Okodia SLU, en aplicaci\u00f3n de la normativa vigente en materia de protecci\u00f3n de datos de car\u00e1cter personal, informa que los datos personales que se recogen...","og_url":"https:\/\/okomeds.com\/privacy-policy\/","og_site_name":"Okomeds","article_publisher":"https:\/\/www.facebook.com\/okomeds","article_modified_time":"2020-03-24T14:54:09+00:00","twitter_card":"summary_large_image","twitter_site":"@okomeds","twitter_misc":{"Tiempo de lectura":"11 minutos"},"schema":{"@context":"https:\/\/schema.org","@graph":[{"@type":"WebPage","@id":"https:\/\/okomeds.com\/privacy-policy\/","url":"https:\/\/okomeds.com\/privacy-policy\/","name":"Pol\u00edtica de privacidad - Okomeds","isPartOf":{"@id":"https:\/\/okomeds.com\/#website"},"datePublished":"2015-11-16T13:19:15+00:00","dateModified":"2020-03-24T14:54:09+00:00","breadcrumb":{"@id":"https:\/\/okomeds.com\/privacy-policy\/#breadcrumb"},"inLanguage":"es","potentialAction":[{"@type":"ReadAction","target":["https:\/\/okomeds.com\/privacy-policy\/"]}]},{"@type":"BreadcrumbList","@id":"https:\/\/okomeds.com\/privacy-policy\/#breadcrumb","itemListElement":[{"@type":"ListItem","position":1,"name":"Home","item":"https:\/\/okomeds.com\/es\/inicio-2-2\/"},{"@type":"ListItem","position":2,"name":"Pol\u00edtica de privacidad"}]},{"@type":"WebSite","@id":"https:\/\/okomeds.com\/#website","url":"https:\/\/okomeds.com\/","name":"Okomeds","description":"Agencia de traducci\u00f3n m\u00e9dica y de salud","publisher":{"@id":"https:\/\/okomeds.com\/#organization"},"potentialAction":[{"@type":"SearchAction","target":{"@type":"EntryPoint","urlTemplate":"https:\/\/okomeds.com\/?s={search_term_string}"},"query-input":{"@type":"PropertyValueSpecification","valueRequired":true,"valueName":"search_term_string"}}],"inLanguage":"es"},{"@type":"Organization","@id":"https:\/\/okomeds.com\/#organization","name":"Okodia","url":"https:\/\/okomeds.com\/","logo":{"@type":"ImageObject","inLanguage":"es","@id":"https:\/\/okomeds.com\/#\/schema\/logo\/image\/","url":"https:\/\/okomeds.com\/wp-content\/uploads\/2015\/12\/logo-okomeds.png","contentUrl":"https:\/\/okomeds.com\/wp-content\/uploads\/2015\/12\/logo-okomeds.png","width":300,"height":77,"caption":"Okodia"},"image":{"@id":"https:\/\/okomeds.com\/#\/schema\/logo\/image\/"},"sameAs":["https:\/\/www.facebook.com\/okomeds","https:\/\/x.com\/okomeds","https:\/\/www.linkedin.com\/company\/okomeds"]}]}},"_links":{"self":[{"href":"https:\/\/okomeds.com\/es\/wp-json\/wp\/v2\/pages\/8893","targetHints":{"allow":["GET"]}}],"collection":[{"href":"https:\/\/okomeds.com\/es\/wp-json\/wp\/v2\/pages"}],"about":[{"href":"https:\/\/okomeds.com\/es\/wp-json\/wp\/v2\/types\/page"}],"author":[{"embeddable":true,"href":"https:\/\/okomeds.com\/es\/wp-json\/wp\/v2\/users\/3"}],"replies":[{"embeddable":true,"href":"https:\/\/okomeds.com\/es\/wp-json\/wp\/v2\/comments?post=8893"}],"version-history":[{"count":4,"href":"https:\/\/okomeds.com\/es\/wp-json\/wp\/v2\/pages\/8893\/revisions"}],"predecessor-version":[{"id":11413,"href":"https:\/\/okomeds.com\/es\/wp-json\/wp\/v2\/pages\/8893\/revisions\/11413"}],"wp:attachment":[{"href":"https:\/\/okomeds.com\/es\/wp-json\/wp\/v2\/media?parent=8893"}],"curies":[{"name":"wp","href":"https:\/\/api.w.org\/{rel}","templated":true}]}}