{"id":8895,"date":"2015-11-16T14:23:38","date_gmt":"2015-11-16T13:23:38","guid":{"rendered":"http:\/\/okomeds.com\/es\/?page_id=8895"},"modified":"2016-12-12T15:43:07","modified_gmt":"2016-12-12T14:43:07","slug":"nota-legal","status":"publish","type":"page","link":"https:\/\/okomeds.com\/es\/nota-legal\/","title":{"rendered":"Nota legal"},"content":{"rendered":"<section class=\"wpb-content-wrapper\"><p>[vc_row row_type=\u00bbrow\u00bb use_row_as_full_screen_section=\u00bbno\u00bb type=\u00bbfull_width\u00bb angled_section=\u00bbno\u00bb text_align=\u00bbleft\u00bb background_image_as_pattern=\u00bbwithout_pattern\u00bb css_animation=\u00bb\u00bb][vc_column css=\u00bb.vc_custom_1444812322578{margin-bottom: 40px !important;}\u00bb][vc_column_text]<\/p>\n<p style=\"text-align: justify;\"><strong>Okomeds, by Okodia<\/strong> regula a trav\u00e9s de este aviso el uso de su p\u00e1gina web.<\/p>\n<p>&nbsp;<\/p>\n<p style=\"text-align: justify;\"><strong>1. Identificaci\u00f3n<\/strong><\/p>\n<p style=\"text-align: justify;\">Okomeds es una marca comercial de Okodia \u2013 Grupo traductor, especializada en el sector m\u00e9dico. Okodia \u2013 Grupo traductor y Okomeds son\u00a0marcas comerciales de Okodia SL, titular de este sitio web, con CIF ES-B65659963, y se dedica a la prestaci\u00f3n de servicios de traducci\u00f3n, interpretaci\u00f3n, localizaci\u00f3n y otros servicios ling\u00fc\u00edsticos.<\/p>\n<p style=\"text-align: justify;\">El domicilio de Okodia \u2013 Grupo traductor es C\/ N\u00faria 57, 08191 Rub\u00ed y, a efectos de notificaciones se dispone del Apdo. de correos 37007, 08011 Barcelona.<\/p>\n<p style=\"text-align: justify;\">Esta p\u00e1gina web tiene car\u00e1cter informativo, y est\u00e1 disponible para el p\u00fablico en general: particulares, empresas, clientes o colaboradores.<\/p>\n<p style=\"text-align: justify;\">El acceso a la p\u00e1gina web de Okomeds\u00a0atribuye a quien lo realiza la condici\u00f3n de usuario, aceptando desde ese mismo momento, plenamente y sin reserva alguna, las presentes condiciones.<\/p>\n<p>&nbsp;<\/p>\n<p style=\"text-align: justify;\"><strong>2. Uso y contenidos del sitio web<\/strong><\/p>\n<p style=\"text-align: justify;\">Queda prohibido el uso del sitio web con fines il\u00edcitos o lesivos contra Okodia \u2013 Grupo traductor o cualquier tercero. Okodia \u2013 Grupo traductor no asume ninguna responsabilidad derivada del uso incorrecto, inapropiado o ili\u0301cito de la informacio\u0301n aparecida en las pa\u0301ginas de internet de www.okomeds.com.<\/p>\n<p style=\"text-align: justify;\">Okodia \u2013 Grupo traductor se reserva el derecho de modificar la p\u00e1gina web en cualquier momento, as\u00ed como a restringir el acceso de forma temporal o permanente. Con los li\u0301mites establecidos en la ley, Okodia no asume ninguna responsabilidad derivada de la falta de veracidad, integridad, actualizacio\u0301n y precisio\u0301n de los datos o informaciones que se contienen en sus pa\u0301ginas de internet. Los contenidos e informacio\u0301n no vinculan a Okodia ni constituyen opiniones, consejos o asesoramiento legal de ningu\u0301n tipo pues se trata meramente de un servicio ofrecido con cara\u0301cter informativo y divulgativo.<\/p>\n<p style=\"text-align: justify;\">Los textos, ima\u0301genes, sonidos, animaciones, software y el resto de contenidos incluidos en esta p\u00e1gina web son propiedad exclusiva de Okodia o sus licenciantes. Se proh\u00edbe la reproducci\u00f3n total o parcial, distribuci\u00f3n o modificaci\u00f3n de los contenidos de esta web. Cualquier acto de transmisio\u0301n, distribucio\u0301n, cesio\u0301n, reproduccio\u0301n, almacenamiento o comunicacio\u0301n pu\u0301blica total o parcial, debe contar con el consentimiento expreso de Okodia \u2013 Grupo traductor. En caso de realizarse, no significar\u00e1, en ning\u00fan caso una autorizaci\u00f3n o licencia sobre los derechos de propiedad.<\/p>\n<p style=\"text-align: justify;\">Las pa\u0301ginas de internet de www.okomeds.com pueden contener enlaces a otras pa\u0301ginas de terceras partes que Okodia no puede controlar. Por lo tanto, Okodia \u2013 Grupo traductor no se hace responsable bajo ninguna circunstancia de los contenidos o servicios puestos a disposici\u00f3n del p\u00fablico en la p\u00e1gina web desde otros enlaces ajenos a Okodia.<\/p>\n<p style=\"text-align: justify;\">Los contenidos del sitio web, salvo que expresamente se indique lo contrario, no constituyen oferta vinculante.<\/p>\n<p style=\"text-align: justify;\">La duraci\u00f3n de la prestaci\u00f3n del servicio del sitio web es de car\u00e1cter indefinido. Sin perjuicio de lo anterior, Okodia \u2013 Grupo traductor se reserva el derecho de interrumpirlo en cualquier momento y sin previo aviso.<\/p>\n<p>&nbsp;<\/p>\n<p style=\"text-align: justify;\"><strong>3. Responsabilidad<\/strong><\/p>\n<p style=\"text-align: justify;\">Tanto el usuario como Okodia \u2013 Grupo traductor adoptar\u00e1n todas las medidas de seguridad necesarias con la finalidad de no introducir cualquier tipo de c\u00f3digo contaminante o virus en el sistema del usuario ni en los servidores y sistema de Okodia.<\/p>\n<p style=\"text-align: justify;\">El uso y la navegaci\u00f3n del sitio web por parte del Usuario se efect\u00faan por su propia cuenta y riesgo. Okodia \u2013 Grupo traductor no se hace responsable de posibles da\u00f1os y perjuicios al usuario y a terceros en relaci\u00f3n con el no funcionamiento correcto de la p\u00e1gina web, la falta de adecuaci\u00f3n de la p\u00e1gina web o de sus servicios o contenidos para satisfacer necesidades, resultados concretos o expectativas de los usuarios, presencia de c\u00f3digos maliciosos o virus que pudieran producir alteraciones en el sistema inform\u00e1tico de los usuarios, los da\u00f1os que se pudieran producir como consecuencia de los contenidos de terceros que se incluyan en la p\u00e1gina web, y en general en relaci\u00f3n con cualquier otro uso o circunstancia ajena a Okodia.<\/p>\n<p style=\"text-align: justify;\">Okodia garantiza que todos los contenidos y servicios que se ofrecen en su sitio web respetan el principio de dignidad de la persona, el principio de no discriminaci\u00f3n por motivos de raza, sexo, religi\u00f3n, opini\u00f3n, nacionalidad, discapacidad o cualquier otra circunstancia personal y social, as\u00ed como el principio de protecci\u00f3n de la juventud y de la infancia.<\/p>\n<p>&nbsp;<\/p>\n<p style=\"text-align: justify;\"><strong>4. Propiedad intelectual<\/strong><\/p>\n<p style=\"text-align: justify;\">El sitio web de Okomeds\u00a0ha sido realizado \u00fanica y exclusivamente por su titular y, por lo tanto, tiene inherentes derechos de propiedad intelectual e industrial.<\/p>\n<p>&nbsp;<\/p>\n<p style=\"text-align: justify;\"><strong>5. Protecci\u00f3n de datos de car\u00e1cter personal<\/strong><\/p>\n<p style=\"text-align: justify;\">Para acceder a algunos de los servicios que Okodia ofrece a trave\u0301s de su p\u00e1gina web debera\u0301 proporcionar algunos datos de cara\u0301cter personal. De acuerdo con lo establecido en la Ley Org\u00e1nica de protecci\u00f3n de datos de car\u00e1cter personal 15\/1999 de 13 de diciembre, le informamos que, mediante la cumplimentacio\u0301n de los presentes formularios, sus datos personales quedara\u0301n incorporados y sera\u0301n tratados en los ficheros de Okodia con el fin de poderle prestar y ofrecer nuestros servicios asi\u0301 como para ofrecerle informaci\u00f3n relevante sobre novedades y servicios relacionados con Okodia. Asimismo, le informamos que puede ejercer los derechos de acceso, rectificacio\u0301n, cancelacio\u0301n y oposicio\u0301n de sus datos de cara\u0301cter personal de manera gratuita enviando un correo electr\u00f3nico a <a href=\"mailto:info@okodia.com\">info@okodia.com<\/a> o en la direccio\u0301n Apdo. de correos 37007, 08011 Barcelona (Espa\u00f1a).<\/p>\n<p>&nbsp;<\/p>\n<p style=\"text-align: justify;\"><strong>6. Legislaci\u00f3n aplicable y jurisdicci\u00f3n<\/strong><\/p>\n<p style=\"text-align: justify;\">La Nota legal, la Pol\u00edtica de privacidad, la Pol\u00edtica de cookies y las Condiciones Generales atribuidas tras la solicitud de presupuestos y servicios profesionales se regir\u00e1n por la legislaci\u00f3n espa\u00f1ola. Okodia \u2013 Grupo traductor, su titular leg\u00edtimo y el usuario, con renuncia expresa a cualquier otro fuero que pudiera corresponderles, se someten a la jurisdicci\u00f3n de los Juzgados y Tribunales de Barcelona (Espa\u00f1a).<\/p>\n<p>[\/vc_column_text][\/vc_column][\/vc_row]<\/p>\n<\/section>","protected":false},"excerpt":{"rendered":"<p>[vc_row row_type=\u00bbrow\u00bb use_row_as_full_screen_section=\u00bbno\u00bb type=\u00bbfull_width\u00bb angled_section=\u00bbno\u00bb text_align=\u00bbleft\u00bb background_image_as_pattern=\u00bbwithout_pattern\u00bb css_animation=\u00bb\u00bb][vc_column css=\u00bb.vc_custom_1444812322578{margin-bottom: 40px !important;}\u00bb][vc_column_text] Okomeds, by Okodia regula a trav\u00e9s de este aviso el uso de su p\u00e1gina web. &nbsp; 1. Identificaci\u00f3n Okomeds es una marca comercial de Okodia \u2013 Grupo traductor, especializada en el sector m\u00e9dico. Okodia&#8230;<\/p>\n","protected":false},"author":3,"featured_media":0,"parent":0,"menu_order":0,"comment_status":"closed","ping_status":"closed","template":"","meta":{"_acf_changed":false,"footnotes":""},"class_list":["post-8895","page","type-page","status-publish","hentry"],"acf":[],"yoast_head":"<!-- This site is optimized with the Yoast SEO plugin v27.1.1 - https:\/\/yoast.com\/product\/yoast-seo-wordpress\/ -->\n<title>Nota legal - Okomeds<\/title>\n<meta name=\"robots\" content=\"noindex, nofollow\" \/>\n<meta property=\"og:locale\" content=\"es_ES\" \/>\n<meta property=\"og:type\" content=\"article\" \/>\n<meta property=\"og:title\" content=\"Nota legal - Okomeds\" \/>\n<meta property=\"og:description\" content=\"[vc_row row_type=\u00bbrow\u00bb use_row_as_full_screen_section=\u00bbno\u00bb type=\u00bbfull_width\u00bb angled_section=\u00bbno\u00bb text_align=\u00bbleft\u00bb background_image_as_pattern=\u00bbwithout_pattern\u00bb css_animation=\u00bb\u00bb][vc_column css=\u00bb.vc_custom_1444812322578{margin-bottom: 40px !important;}\u00bb][vc_column_text] Okomeds, by Okodia regula a trav\u00e9s de este aviso el uso de su p\u00e1gina web. &nbsp; 1. Identificaci\u00f3n Okomeds es una marca comercial de Okodia \u2013 Grupo traductor, especializada en el sector m\u00e9dico. Okodia...\" \/>\n<meta property=\"og:url\" content=\"https:\/\/okomeds.com\/es\/nota-legal\/\" \/>\n<meta property=\"og:site_name\" content=\"Okomeds\" \/>\n<meta property=\"article:publisher\" content=\"https:\/\/www.facebook.com\/okomeds\" \/>\n<meta property=\"article:modified_time\" content=\"2016-12-12T14:43:07+00:00\" \/>\n<meta name=\"twitter:card\" content=\"summary_large_image\" \/>\n<meta name=\"twitter:site\" content=\"@okomeds\" \/>\n<meta name=\"twitter:label1\" content=\"Tiempo de lectura\" \/>\n\t<meta name=\"twitter:data1\" content=\"5 minutos\" \/>\n<script type=\"application\/ld+json\" class=\"yoast-schema-graph\">{\"@context\":\"https:\/\/schema.org\",\"@graph\":[{\"@type\":\"WebPage\",\"@id\":\"https:\/\/okomeds.com\/es\/nota-legal\/\",\"url\":\"https:\/\/okomeds.com\/es\/nota-legal\/\",\"name\":\"Nota legal - Okomeds\",\"isPartOf\":{\"@id\":\"https:\/\/okomeds.com\/#website\"},\"datePublished\":\"2015-11-16T13:23:38+00:00\",\"dateModified\":\"2016-12-12T14:43:07+00:00\",\"breadcrumb\":{\"@id\":\"https:\/\/okomeds.com\/es\/nota-legal\/#breadcrumb\"},\"inLanguage\":\"es\",\"potentialAction\":[{\"@type\":\"ReadAction\",\"target\":[\"https:\/\/okomeds.com\/es\/nota-legal\/\"]}]},{\"@type\":\"BreadcrumbList\",\"@id\":\"https:\/\/okomeds.com\/es\/nota-legal\/#breadcrumb\",\"itemListElement\":[{\"@type\":\"ListItem\",\"position\":1,\"name\":\"Home\",\"item\":\"https:\/\/okomeds.com\/es\/inicio-2-2\/\"},{\"@type\":\"ListItem\",\"position\":2,\"name\":\"Nota legal\"}]},{\"@type\":\"WebSite\",\"@id\":\"https:\/\/okomeds.com\/#website\",\"url\":\"https:\/\/okomeds.com\/\",\"name\":\"Okomeds\",\"description\":\"Agencia de traducci\u00f3n m\u00e9dica y de salud\",\"publisher\":{\"@id\":\"https:\/\/okomeds.com\/#organization\"},\"potentialAction\":[{\"@type\":\"SearchAction\",\"target\":{\"@type\":\"EntryPoint\",\"urlTemplate\":\"https:\/\/okomeds.com\/?s={search_term_string}\"},\"query-input\":{\"@type\":\"PropertyValueSpecification\",\"valueRequired\":true,\"valueName\":\"search_term_string\"}}],\"inLanguage\":\"es\"},{\"@type\":\"Organization\",\"@id\":\"https:\/\/okomeds.com\/#organization\",\"name\":\"Okodia\",\"url\":\"https:\/\/okomeds.com\/\",\"logo\":{\"@type\":\"ImageObject\",\"inLanguage\":\"es\",\"@id\":\"https:\/\/okomeds.com\/#\/schema\/logo\/image\/\",\"url\":\"https:\/\/okomeds.com\/wp-content\/uploads\/2015\/12\/logo-okomeds.png\",\"contentUrl\":\"https:\/\/okomeds.com\/wp-content\/uploads\/2015\/12\/logo-okomeds.png\",\"width\":300,\"height\":77,\"caption\":\"Okodia\"},\"image\":{\"@id\":\"https:\/\/okomeds.com\/#\/schema\/logo\/image\/\"},\"sameAs\":[\"https:\/\/www.facebook.com\/okomeds\",\"https:\/\/x.com\/okomeds\",\"https:\/\/www.linkedin.com\/company\/okomeds\"]}]}<\/script>\n<!-- \/ Yoast SEO plugin. -->","yoast_head_json":{"title":"Nota legal - Okomeds","robots":{"index":"noindex","follow":"nofollow"},"og_locale":"es_ES","og_type":"article","og_title":"Nota legal - Okomeds","og_description":"[vc_row row_type=\u00bbrow\u00bb use_row_as_full_screen_section=\u00bbno\u00bb type=\u00bbfull_width\u00bb angled_section=\u00bbno\u00bb text_align=\u00bbleft\u00bb background_image_as_pattern=\u00bbwithout_pattern\u00bb css_animation=\u00bb\u00bb][vc_column css=\u00bb.vc_custom_1444812322578{margin-bottom: 40px !important;}\u00bb][vc_column_text] Okomeds, by Okodia regula a trav\u00e9s de este aviso el uso de su p\u00e1gina web. &nbsp; 1. Identificaci\u00f3n Okomeds es una marca comercial de Okodia \u2013 Grupo traductor, especializada en el sector m\u00e9dico. Okodia...","og_url":"https:\/\/okomeds.com\/es\/nota-legal\/","og_site_name":"Okomeds","article_publisher":"https:\/\/www.facebook.com\/okomeds","article_modified_time":"2016-12-12T14:43:07+00:00","twitter_card":"summary_large_image","twitter_site":"@okomeds","twitter_misc":{"Tiempo de lectura":"5 minutos"},"schema":{"@context":"https:\/\/schema.org","@graph":[{"@type":"WebPage","@id":"https:\/\/okomeds.com\/es\/nota-legal\/","url":"https:\/\/okomeds.com\/es\/nota-legal\/","name":"Nota legal - Okomeds","isPartOf":{"@id":"https:\/\/okomeds.com\/#website"},"datePublished":"2015-11-16T13:23:38+00:00","dateModified":"2016-12-12T14:43:07+00:00","breadcrumb":{"@id":"https:\/\/okomeds.com\/es\/nota-legal\/#breadcrumb"},"inLanguage":"es","potentialAction":[{"@type":"ReadAction","target":["https:\/\/okomeds.com\/es\/nota-legal\/"]}]},{"@type":"BreadcrumbList","@id":"https:\/\/okomeds.com\/es\/nota-legal\/#breadcrumb","itemListElement":[{"@type":"ListItem","position":1,"name":"Home","item":"https:\/\/okomeds.com\/es\/inicio-2-2\/"},{"@type":"ListItem","position":2,"name":"Nota legal"}]},{"@type":"WebSite","@id":"https:\/\/okomeds.com\/#website","url":"https:\/\/okomeds.com\/","name":"Okomeds","description":"Agencia de traducci\u00f3n m\u00e9dica y de salud","publisher":{"@id":"https:\/\/okomeds.com\/#organization"},"potentialAction":[{"@type":"SearchAction","target":{"@type":"EntryPoint","urlTemplate":"https:\/\/okomeds.com\/?s={search_term_string}"},"query-input":{"@type":"PropertyValueSpecification","valueRequired":true,"valueName":"search_term_string"}}],"inLanguage":"es"},{"@type":"Organization","@id":"https:\/\/okomeds.com\/#organization","name":"Okodia","url":"https:\/\/okomeds.com\/","logo":{"@type":"ImageObject","inLanguage":"es","@id":"https:\/\/okomeds.com\/#\/schema\/logo\/image\/","url":"https:\/\/okomeds.com\/wp-content\/uploads\/2015\/12\/logo-okomeds.png","contentUrl":"https:\/\/okomeds.com\/wp-content\/uploads\/2015\/12\/logo-okomeds.png","width":300,"height":77,"caption":"Okodia"},"image":{"@id":"https:\/\/okomeds.com\/#\/schema\/logo\/image\/"},"sameAs":["https:\/\/www.facebook.com\/okomeds","https:\/\/x.com\/okomeds","https:\/\/www.linkedin.com\/company\/okomeds"]}]}},"_links":{"self":[{"href":"https:\/\/okomeds.com\/es\/wp-json\/wp\/v2\/pages\/8895","targetHints":{"allow":["GET"]}}],"collection":[{"href":"https:\/\/okomeds.com\/es\/wp-json\/wp\/v2\/pages"}],"about":[{"href":"https:\/\/okomeds.com\/es\/wp-json\/wp\/v2\/types\/page"}],"author":[{"embeddable":true,"href":"https:\/\/okomeds.com\/es\/wp-json\/wp\/v2\/users\/3"}],"replies":[{"embeddable":true,"href":"https:\/\/okomeds.com\/es\/wp-json\/wp\/v2\/comments?post=8895"}],"version-history":[{"count":1,"href":"https:\/\/okomeds.com\/es\/wp-json\/wp\/v2\/pages\/8895\/revisions"}],"predecessor-version":[{"id":8896,"href":"https:\/\/okomeds.com\/es\/wp-json\/wp\/v2\/pages\/8895\/revisions\/8896"}],"wp:attachment":[{"href":"https:\/\/okomeds.com\/es\/wp-json\/wp\/v2\/media?parent=8895"}],"curies":[{"name":"wp","href":"https:\/\/api.w.org\/{rel}","templated":true}]}}